{"id":1103,"date":"2024-03-26T15:33:50","date_gmt":"2024-03-26T15:33:50","guid":{"rendered":"https:\/\/oegmw.at\/?page_id=1103"},"modified":"2024-09-29T20:01:40","modified_gmt":"2024-09-29T20:01:40","slug":"forschung","status":"publish","type":"page","link":"https:\/\/oegmw.at\/en\/junge-musikwissenschaft\/forschung","title":{"rendered":"Forschen &amp; Publizieren"},"content":{"rendered":"<p>Die AG &#8222;Forschen &amp; Publizieren&#8220; initiiert, koordiniert und unterst\u00fctzt Forschungsaktivit\u00e4ten sowie Publikationsvorhaben von Studierenden der Musikwissenschaft. Hierdurch soll der wissenschaftliche Nachwuchs an den Forschungsbetrieb herangef\u00fchrt und so das Fach insgesamt gef\u00f6rdert werden. Wir freuen uns \u00fcber Anfragen rund ums Forschen und Publizieren ebenso wie \u00fcber Vorschl\u00e4ge f\u00fcr konkrete Unternehmungen, f\u00fcr die die AG Forschung Hilfestellungen bieten kann.<br><br>N\u00e4here Informationen zum Nachwuchsmagazin<strong><em> AN:klang<\/em><\/strong>, das durch Mitglieder der AG &#8222;Forschen &amp; Publizieren&#8220; herausgegeben, finden sich <strong><a href=\"https:\/\/oegmw.at\/en\/junge-musikwissenschaft\/anklang\/\">hier<\/a><\/strong>. Weitere Angebote mit Bezug zu wissenschaftlicher Praxis findest Du zudem auf unseren Unterseiten <a href=\"https:\/\/oegmw.at\/en\/junge-musikwissenschaft\/weiterbildung\/\"><strong>Weiterbildung<\/strong><\/a> sowie <strong><a href=\"https:\/\/oegmw.at\/en\/junge-musikwissenschaft\/vernetzung\/\">Vernetzung<\/a><\/strong>.<\/p>\n\n\n\n<p>Kontakt AG Forschen &amp; Publizieren: <a href=\"mailto:jumuwi@oegmw.at\">jumuwi@oegmw.at<\/a><\/p>\n\n\n\n<h3 class=\"wp-block-heading\" style=\"margin-top:var(--wp--preset--spacing--70)\">Aktuelles<\/h3>\n\n\n\n<p><strong>Vortrag &#8222;Felix Woyrschs <em>Totentanz<\/em> und seine Rezeption in \u00d6sterreich&#8220; von Hazal Akyaz und Cornelia Picej<\/strong><\/p>\n\n\n\n<p>Im Rahmen der <strong>1. Student Research Group<\/strong> der &#8222;Jungen Musikwissenschaft&#8220; haben die Studentinnen <strong>Hazal Akyaz<\/strong> (Anton Bruckner Privatuniversit\u00e4t Linz) und <strong>Cornelia Picej<\/strong> (Kunstuniversit\u00e4t Graz) gemeinsam einen Vortrag zum Oratorium Totentanz des deutsch-schlesischen Komponisten Felix Woyrsch (1860\u20131944) erarbeitet. Dabei wurden von den beiden einige wichtige Quellen zu diesem sp\u00e4tromantischem Komponisten (etwa der Briefwechsel zwischen dem ober\u00f6sterreichischen Dirigenten Georg Wolfgruber d. J. und dem Sohn des Komponisten) zum ersten Mal untersucht, um so einige bestehende L\u00fccken der Musikforschung zu schlie\u00dfen. Die Ergebnisse wurden im Rahmen der Tagung <a href=\"https:\/\/p-w-g.de\/ueber-uns\/symposium.html\">&#8222;Zwei pr\u00e4gende Pers\u00f6nlichkeiten des Hamburger Musiklebens. Symposium anl\u00e4ssich &#8222;30 Jahre Pfohl-Woyrsch-Gesellschaft e.V.&#8220;<\/a> am 20. &amp; 21. September 2024 in Hamburg vorgestellt. Die Ergebnisse sollen ferner in einem Tagungsband der Pfohl-Woyrsch-Gesellschaft, im Rahmen des kommenden <a href=\"https:\/\/oegmw.at\/en\/junge-musikwissenschaft\/nachwuchssymposium\/sym-2024\/\">Symposiums der Jungen Musikwissenschaft<\/a> sowie 2025 in unserem Studierendenmagazin <a href=\"https:\/\/oegmw.at\/en\/junge-musikwissenschaft\/anklang\/\">AN:klang<\/a> eingehender pr\u00e4sentiert werden.<\/p>\n\n\n\n<p>Gro\u00dfen Dank an die beiden f\u00fcr ihren Einsatz, und Gl\u00fcckwunsch zur erfolgreichen Pr\u00e4sentation!<\/p>\n\n\n\n<h3 class=\"wp-block-heading\" style=\"margin-top:var(--wp--preset--spacing--70)\">Student Research Group<\/h3>\n\n\n\n<p>Im Rahmen von &#8222;Student Research Groups&#8220; schlie\u00dfen sich Studierende zu kleinen Gruppen zusammen, um gemeinsam in klar definiertem Umfang an Themen zu forschen, die sich meist aus aktuellen Anl\u00e4ssen ergeben (Forschungsprojekte, Tagungen etc.). Der Forschungsprozess wird \u00fcblicherweise durch eine:n etablierte:n Wissenschaftler:in koordiniert (etwa den oder die Projektleitende:n) und durch die Junge Musikwissenschaft unterst\u00fctzt, etwa bei der Formulierung der Forschungsfrage(n) und -ans\u00e4tze, bei der Recherche und Beschaffung von Quellen oder der Vorbereitung von Pr\u00e4sentationen oder Publikationen. Die Pr\u00e4sentation der Forschungsergebnisse im Rahmen eines <a href=\"https:\/\/oegmw.at\/en\/junge-musikwissenschaft\/nachwuchssymposium\/\">Nachwuchssymposiums<\/a> oder eines Artikels in <a href=\"https:\/\/oegmw.at\/en\/junge-musikwissenschaft\/anklang\/\">AN:klang<\/a> ist ausdr\u00fccklich erw\u00fcnscht und wird vonseiten der JuMuWi gerne unterst\u00fctzt.<br><br>Vorschl\u00e4ge f\u00fcr die Vermittlung einer Student Research Group k\u00f6nnen sowohl durch Institutionen, Forschende, Lehrende als auch Studierende eingebracht werden. Sowohl inhaltlich als auch hinsichtlich der Form der Umsetzung gibt es keine prinzipiellen Grenzen, weshalb wir uns \u00fcber Vorschl\u00e4ge und Anfragen aus allen Bereichen der Musikwissenschaft freuen. <\/p>\n\n\n\n<p><\/p>\n\n\n\n<h3 class=\"wp-block-heading\" style=\"margin-top:var(--wp--preset--spacing--70)\">Archiv<\/h3>\n\n\n\n<p><strong>Call for Participation: Student Research Group &#8222;Das Mysterium Totentanz von Felix Woyrsch und seine \u00f6sterreichische Rezeptionsgeschichte<\/strong><br>Die Junge Musikwissenschaft der \u00d6GMw suchte in Kooperation mit der Hamburger Pfohl-Woyrsch-Gesellschaft e. V. nach motivierten Studierenden f\u00fcr eine drei- bis vierk\u00f6pfige Student Research Group, um gemeinsam zur bislang kaum beachteten Rezeption des Totentanzes des deutschen Komponisten Felix Woyrsch (1860\u20131944) in \u00d6sterreich zu forschen. Die verl\u00e4ngerte Bewerbungsfrist lief bis zum 21. April 2024, der Call kann hier aufgerufen werden: <a href=\"https:\/\/oegmw.at\/wp-content\/uploads\/2024\/04\/Student-Research-Group-2024_CfP_verlaengert.pdf\"><strong>CfP Student Research Group 2024<\/strong><\/a><\/p>\n\n\n\n<p><\/p>","protected":false},"excerpt":{"rendered":"<p>Die AG &#8222;Forschen &amp; Publizieren&#8220; initiiert, koordiniert und unterst\u00fctzt Forschungsaktivit\u00e4ten sowie Publikationsvorhaben von Studierenden der Musikwissenschaft. Hierdurch soll der wissenschaftliche Nachwuchs an den Forschungsbetrieb herangef\u00fchrt und so das Fach insgesamt [&hellip;]<\/p>\n","protected":false},"author":31,"featured_media":0,"parent":18,"menu_order":0,"comment_status":"closed","ping_status":"closed","template":"","meta":{"site-sidebar-layout":"default","site-content-layout":"","ast-site-content-layout":"default","site-content-style":"default","site-sidebar-style":"default","ast-global-header-display":"","ast-banner-title-visibility":"","ast-main-header-display":"","ast-hfb-above-header-display":"","ast-hfb-below-header-display":"","ast-hfb-mobile-header-display":"","site-post-title":"","ast-breadcrumbs-content":"","ast-featured-img":"","footer-sml-layout":"","ast-disable-related-posts":"","theme-transparent-header-meta":"","adv-header-id-meta":"","stick-header-meta":"","header-above-stick-meta":"","header-main-stick-meta":"","header-below-stick-meta":"","astra-migrate-meta-layouts":"set","ast-page-background-enabled":"default","ast-page-background-meta":{"desktop":{"background-color":"var(--ast-global-color-4)","background-image":"","background-repeat":"repeat","background-position":"center center","background-size":"auto","background-attachment":"scroll","background-type":"","background-media":"","overlay-type":"","overlay-color":"","overlay-opacity":"","overlay-gradient":""},"tablet":{"background-color":"","background-image":"","background-repeat":"repeat","background-position":"center center","background-size":"auto","background-attachment":"scroll","background-type":"","background-media":"","overlay-type":"","overlay-color":"","overlay-opacity":"","overlay-gradient":""},"mobile":{"background-color":"","background-image":"","background-repeat":"repeat","background-position":"center center","background-size":"auto","background-attachment":"scroll","background-type":"","background-media":"","overlay-type":"","overlay-color":"","overlay-opacity":"","overlay-gradient":""}},"ast-content-background-meta":{"desktop":{"background-color":"var(--ast-global-color-5)","background-image":"","background-repeat":"repeat","background-position":"center center","background-size":"auto","background-attachment":"scroll","background-type":"","background-media":"","overlay-type":"","overlay-color":"","overlay-opacity":"","overlay-gradient":""},"tablet":{"background-color":"var(--ast-global-color-5)","background-image":"","background-repeat":"repeat","background-position":"center center","background-size":"auto","background-attachment":"scroll","background-type":"","background-media":"","overlay-type":"","overlay-color":"","overlay-opacity":"","overlay-gradient":""},"mobile":{"background-color":"var(--ast-global-color-5)","background-image":"","background-repeat":"repeat","background-position":"center center","background-size":"auto","background-attachment":"scroll","background-type":"","background-media":"","overlay-type":"","overlay-color":"","overlay-opacity":"","overlay-gradient":""}},"footnotes":""},"class_list":["post-1103","page","type-page","status-publish","hentry"],"_links":{"self":[{"href":"https:\/\/oegmw.at\/en\/wp-json\/wp\/v2\/pages\/1103","targetHints":{"allow":["GET"]}}],"collection":[{"href":"https:\/\/oegmw.at\/en\/wp-json\/wp\/v2\/pages"}],"about":[{"href":"https:\/\/oegmw.at\/en\/wp-json\/wp\/v2\/types\/page"}],"author":[{"embeddable":true,"href":"https:\/\/oegmw.at\/en\/wp-json\/wp\/v2\/users\/31"}],"replies":[{"embeddable":true,"href":"https:\/\/oegmw.at\/en\/wp-json\/wp\/v2\/comments?post=1103"}],"version-history":[{"count":27,"href":"https:\/\/oegmw.at\/en\/wp-json\/wp\/v2\/pages\/1103\/revisions"}],"predecessor-version":[{"id":1482,"href":"https:\/\/oegmw.at\/en\/wp-json\/wp\/v2\/pages\/1103\/revisions\/1482"}],"up":[{"embeddable":true,"href":"https:\/\/oegmw.at\/en\/wp-json\/wp\/v2\/pages\/18"}],"wp:attachment":[{"href":"https:\/\/oegmw.at\/en\/wp-json\/wp\/v2\/media?parent=1103"}],"curies":[{"name":"wp","href":"https:\/\/api.w.org\/{rel}","templated":true}]}}