{"id":1488,"date":"2024-10-02T12:36:46","date_gmt":"2024-10-02T12:36:46","guid":{"rendered":"https:\/\/oegmw.at\/?page_id=1488"},"modified":"2024-10-02T12:40:49","modified_gmt":"2024-10-02T12:40:49","slug":"sym-2023","status":"publish","type":"page","link":"https:\/\/oegmw.at\/en\/junge-musikwissenschaft\/nachwuchssymposium\/sym-2023","title":{"rendered":"Symposium der Jungen Musikwissenschaft 2023"},"content":{"rendered":"<p>17. November 2023, Gustav Mahler Privatuniversit\u00e4t Klagenfurt<\/p>\n\n\n\n<p>im Rahmen der \u00d6GMw-Jahrestagung 2023<br>&#8222;Angewandte Musikwissenschaften | Applied (Ethno\u2011)Musicologies&#8220;<br>16.\u201318. November 2023<br><a href=\"https:\/\/oegmw.at\/wp-content\/uploads\/2023\/11\/oegmw-Tagung_2023_Programm-3.pdf\">Gesamtes Tagungsprogramm (Download)<\/a><\/p>\n\n\n\n<h3 class=\"wp-block-heading\" style=\"margin-top:var(--wp--preset--spacing--70)\">Session 1 (14:00\u201315:30)<\/h3>\n\n\n\n<p>Chair: Thomas Wozonig<\/p>\n\n\n\n<p>\ud83d\udde3\ufe0f Die italienische Rezeption von Alban Berg: Ein \u00dcberblick und der Einzelfall von Alfredo Sangiorgi<br>Andrea Agresti<br><em>Einige Ans\u00e4tze des Vortrags werden in einen Beitrag f\u00fcr die <a href=\"https:\/\/oegmw.at\/en\/junge-musikwissenschaft\/anklang\/\">AN:klang-Ausgabe 2024<\/a> einflie\u00dfen.<\/em><\/p>\n\n\n\n<p>\ud83d\udde3\ufe0f Zwischen Avantgarde und Tradition: Helene Berg und Smaragda Eger-Berg als kontrastierende Schw\u00e4gerinnen in der Wiener Moderne<br>Hanna Bertel<\/p>\n\n\n\n<p>\ud83d\udde3\ufe0f Alte Musik zwischen \u201ehistorischer Auff\u00fchrungspraxis\u201c und \u201eRealness\u201c: Neue Konzepte der Authentizit\u00e4tskonstruktion am Tontr\u00e4germarkt<br>Alexander Flor<\/p>\n\n\n\n<h3 class=\"wp-block-heading\" style=\"margin-top:var(--wp--preset--spacing--70)\">Postersession (15:45\u201316:30)<\/h3>\n\n\n\n<p>Chair: Timur Sijaric<\/p>\n\n\n\n<p>\ud83d\udcca Die ersten Mozartopern in der Rudaki-Halle zwischen 1967 und 1979<br>Sahareh Astaneh<br><a href=\"https:\/\/oegmw.at\/wp-content\/uploads\/2024\/10\/Astaneh_Poster_JuMuWi-2023.pdf\">Download Poster<\/a><\/p>\n\n\n\n<p>\ud83d\udcca Neuentwickelte 31-t\u00f6nige Instrumente und Kompositionen des Ensemble Dsiltons<br>David Dornig<\/p>\n\n\n\n<p>\ud83d\udcca Ein Blick auf die formale und harmonische Entwicklung bei Alexander Skrjabin am Beispiel seiner beiden Klaviersonaten op. 23 und op. 64<br>Cornelia Picej<\/p>\n\n\n\n<p>\ud83d\udcca Analyse als Mittel der Interpretation in der Klaviermusik von Chopin<br>Pavle Krsti\u0107<br><a href=\"https:\/\/oegmw.at\/wp-content\/uploads\/2024\/10\/Krstic_Poster_JuMuWi-2023.pdf\">Download Poster<\/a><br><strong>Anmerkung: Die damals im Poster vorgestellten Ans\u00e4tze und Ergebnisse sind inzwischen (Oktober 2024) teilweise \u00fcberholt. Bei Fragen kontaktieren Sie mich gerne unter\u00a0<a href=\"mailto:pavle.krstic@moz.ac.at\" target=\"_blank\" rel=\"noreferrer noopener\">pavle.krstic@moz.ac.at<\/a>.<\/strong><\/p>\n\n\n\n<p>\ud83d\udcca Pi\u00e8ces de clavecin von Francesco Geminiani im Kontext seiner theoretischen Schriften. Idiomatische Werke f\u00fcr das Cembalo und Transkriptionen<br>Agata Meissner<br><a href=\"https:\/\/oegmw.at\/wp-content\/uploads\/2024\/10\/Meissner_Poster_JuMuWi-2023.pdf\">Download Poster<\/a><\/p>\n\n\n\n<h3 class=\"wp-block-heading\" style=\"margin-top:var(--wp--preset--spacing--70)\">Session 2 (16:30\u201317:30)<\/h3>\n\n\n\n<p>Chair: Timur Sijaric<\/p>\n\n\n\n<p>\ud83d\udde3\ufe0f Eine Geschichte \u2013 ein Volk \u2013 eine Idee. Zur Konstruktion der musikalischen Nationalidentit\u00e4t Tschechiens durch die K\u00f6niginhofer und Gr\u00fcnberger Handschrift<br>Lukas Mantovan <\/p>\n\n\n\n<p>\ud83d\udde3\ufe0f Eventization of K-Pop<br>Birgit Rindler<br><em>Einige Ans\u00e4tze des Vortrags werden in einen Beitrag f\u00fcr die <a href=\"https:\/\/oegmw.at\/en\/junge-musikwissenschaft\/anklang\/\">AN:klang-Ausgabe 2024<\/a> einflie\u00dfen.<\/em><\/p>\n\n\n\n<p><\/p>","protected":false},"excerpt":{"rendered":"<p>17. November 2023, Gustav Mahler Privatuniversit\u00e4t Klagenfurt im Rahmen der \u00d6GMw-Jahrestagung 2023&#8222;Angewandte Musikwissenschaften | Applied (Ethno\u2011)Musicologies&#8220;16.\u201318. November 2023Gesamtes Tagungsprogramm (Download) Session 1 (14:00\u201315:30) Chair: Thomas Wozonig \ud83d\udde3\ufe0f Die italienische Rezeption [&hellip;]<\/p>\n","protected":false},"author":31,"featured_media":0,"parent":306,"menu_order":0,"comment_status":"closed","ping_status":"closed","template":"","meta":{"site-sidebar-layout":"default","site-content-layout":"","ast-site-content-layout":"default","site-content-style":"default","site-sidebar-style":"default","ast-global-header-display":"","ast-banner-title-visibility":"","ast-main-header-display":"","ast-hfb-above-header-display":"","ast-hfb-below-header-display":"","ast-hfb-mobile-header-display":"","site-post-title":"","ast-breadcrumbs-content":"","ast-featured-img":"","footer-sml-layout":"","ast-disable-related-posts":"","theme-transparent-header-meta":"","adv-header-id-meta":"","stick-header-meta":"","header-above-stick-meta":"","header-main-stick-meta":"","header-below-stick-meta":"","astra-migrate-meta-layouts":"set","ast-page-background-enabled":"default","ast-page-background-meta":{"desktop":{"background-color":"var(--ast-global-color-4)","background-image":"","background-repeat":"repeat","background-position":"center center","background-size":"auto","background-attachment":"scroll","background-type":"","background-media":"","overlay-type":"","overlay-color":"","overlay-opacity":"","overlay-gradient":""},"tablet":{"background-color":"","background-image":"","background-repeat":"repeat","background-position":"center center","background-size":"auto","background-attachment":"scroll","background-type":"","background-media":"","overlay-type":"","overlay-color":"","overlay-opacity":"","overlay-gradient":""},"mobile":{"background-color":"","background-image":"","background-repeat":"repeat","background-position":"center center","background-size":"auto","background-attachment":"scroll","background-type":"","background-media":"","overlay-type":"","overlay-color":"","overlay-opacity":"","overlay-gradient":""}},"ast-content-background-meta":{"desktop":{"background-color":"var(--ast-global-color-5)","background-image":"","background-repeat":"repeat","background-position":"center center","background-size":"auto","background-attachment":"scroll","background-type":"","background-media":"","overlay-type":"","overlay-color":"","overlay-opacity":"","overlay-gradient":""},"tablet":{"background-color":"var(--ast-global-color-5)","background-image":"","background-repeat":"repeat","background-position":"center center","background-size":"auto","background-attachment":"scroll","background-type":"","background-media":"","overlay-type":"","overlay-color":"","overlay-opacity":"","overlay-gradient":""},"mobile":{"background-color":"var(--ast-global-color-5)","background-image":"","background-repeat":"repeat","background-position":"center center","background-size":"auto","background-attachment":"scroll","background-type":"","background-media":"","overlay-type":"","overlay-color":"","overlay-opacity":"","overlay-gradient":""}},"footnotes":""},"class_list":["post-1488","page","type-page","status-publish","hentry"],"_links":{"self":[{"href":"https:\/\/oegmw.at\/en\/wp-json\/wp\/v2\/pages\/1488","targetHints":{"allow":["GET"]}}],"collection":[{"href":"https:\/\/oegmw.at\/en\/wp-json\/wp\/v2\/pages"}],"about":[{"href":"https:\/\/oegmw.at\/en\/wp-json\/wp\/v2\/types\/page"}],"author":[{"embeddable":true,"href":"https:\/\/oegmw.at\/en\/wp-json\/wp\/v2\/users\/31"}],"replies":[{"embeddable":true,"href":"https:\/\/oegmw.at\/en\/wp-json\/wp\/v2\/comments?post=1488"}],"version-history":[{"count":3,"href":"https:\/\/oegmw.at\/en\/wp-json\/wp\/v2\/pages\/1488\/revisions"}],"predecessor-version":[{"id":1491,"href":"https:\/\/oegmw.at\/en\/wp-json\/wp\/v2\/pages\/1488\/revisions\/1491"}],"up":[{"embeddable":true,"href":"https:\/\/oegmw.at\/en\/wp-json\/wp\/v2\/pages\/306"}],"wp:attachment":[{"href":"https:\/\/oegmw.at\/en\/wp-json\/wp\/v2\/media?parent=1488"}],"curies":[{"name":"wp","href":"https:\/\/api.w.org\/{rel}","templated":true}]}}