{"id":15,"date":"2023-03-30T15:52:47","date_gmt":"2023-03-30T15:52:47","guid":{"rendered":"https:\/\/oegmw.at\/?page_id=15"},"modified":"2024-06-07T08:33:57","modified_gmt":"2024-06-07T08:33:57","slug":"die-gesellschaft","status":"publish","type":"page","link":"https:\/\/oegmw.at\/en\/die-gesellschaft","title":{"rendered":"Die Gesellschaft"},"content":{"rendered":"<p>Die \u00d6sterreichische Gesellschaft f\u00fcr Musikwissenschaft (\u00d6GMw) ist der gr\u00f6\u00dfte \u00f6sterreichische Fachverband auf dem Gebiet der Musikforschung und wurde 1973 als Kontaktforum aller mit der \u00f6sterreichischen Musikwissenschaft verbundenen Pers\u00f6nlichkeiten und Institutionen gegr\u00fcndet. Derzeit umfasst die Gesellschaft rund 260 Mitglieder im In- und Ausland. Ihre Ziele sind die Intensivierung der musikwissenschaftlichen Forschungst\u00e4tigkeit im Rahmen von Kongressen und Publikationen, insbesondere auch unter Beteiligung junger Musikwissenschaftler:innen, sowie die F\u00f6rderung des Zusammenhalts der musikwissenschaftlichen Teildisziplinen und der interdisziplin\u00e4ren Zusammenarbeit.<\/p>\n\n\n\n<p>In Verbindung mit der \u00d6GMw erscheint seit 1977 regelm\u00e4\u00dfig die Fachzeitschrift&nbsp;<em>Musicologica Austriaca<\/em>, in der aktuelle Forschungsergebnisse der \u00f6sterreichischen Musikwissenschaft aus allen Teilbereichen der Disziplin zur Diskussion gestellt werden. Ferner erhalten Mitglieder der Gesellschaft w\u00f6chentlich einen E-Mail-Newsletter, \u00fcber en Informationen \u00fcber laufende Aktivit\u00e4ten und Vorhaben nicht nur der Gesellschaft, sondern innerhalb der gesamten \u00f6sterreichischen Musikwissenschaft ausgetauscht werden.<\/p>\n\n\n\n<p>Die \u00d6GMw betrachtet die Vermittlung von Informationen und die F\u00f6rderung der Kommunikation innerhalb der Disziplin als eine ihrer wesentlichen Aufgaben. Dem wird besonders durch die Veranstaltung nationaler und internationaler Kongresse Rechnung getragen, deren Ergebnisse in Kongressberichten publiziert werden. Ebenso dienen regelm\u00e4\u00dfige Vortrags- und Veranstaltungsreihen dem wissenschaftlichen Meinungsaustausch. Studentische Pr\u00e4sidiumsmitglieder sollen au\u00dferdem den Kontakt zwischen den Studierenden auf nationaler und internationaler Ebene f\u00f6rdern. Die j\u00e4hrliche Generalversammlung ist mit einer wissenschaftlichen Veranstaltung, zumeist der <a href=\"https:\/\/oegmw.at\/en\/jahrestagung\/\" data-type=\"link\" data-id=\"https:\/\/oegmw.at\/jahrestagung\">Jahrestagung<\/a> an wechselnden Austragungsorten, verbunden. Die \u00d6GMw ist bem\u00fcht, Studierende und junge Musikwissenschaftler:innen anzusprechen. Die Projekte und Initiativen der <a href=\"https:\/\/oegmw.at\/en\/junge-musikwissenschaft\/\" data-type=\"link\" data-id=\"https:\/\/oegmw.at\/junge-musikwissenschaft\">Sektion &#8222;Junge Musikwissenschaft&#8220;<\/a>, wie etwas deren j\u00e4hrlich stattfindendes Symposium, sind dabei zentral.<\/p>\n\n\n\n<p>Die \u00d6GMw unterst\u00fctzt zudem Aktivit\u00e4ten und Veranstaltungen finanziell, die<\/p>\n\n\n\n<ul class=\"wp-block-list\">\n<li>unmittelbar mit den Zielen der \u00d6GMw, festgelegt in den Statuten, \u00fcbereinstimmen. Das ist insbesondere die F\u00f6rderung der \u00f6sterreichischen Musikwissenschaft, hierbei insbesondere die Durchf\u00fchrung von Aktivit\u00e4ten, die der Vernetzung dienen.<\/li>\n\n\n\n<li>Besonders gef\u00f6rdert werden sollen Aktivit\u00e4ten, die Nachwuchswissenschaftler:innen (Studierende, Prae-\/Postdoc) f\u00f6rdern, entweder indem die Aktivit\u00e4ten von Nachwuchswissenschaftler:innen selbst durchgef\u00fchrt oder indem diese durch die Aktivit\u00e4ten besonders adressiert werden.<\/li>\n\n\n\n<li>Die \u00d6GMw \u00fcbernimmt eine Teilf\u00f6rderung (eine Gesamtkalkulation ist in jedem Fall vorzulegen).<\/li>\n\n\n\n<li>Bei\u00a0personenbezogenen\u00a0F\u00f6rderungen\u00a0ist\u00a0eine\u00a0Mitgliedschaft\u00a0in\u00a0der\u00a0\u00d6GMw\u00a0Voraussetzung.<\/li>\n<\/ul>\n\n\n\n<p>Ansuchen f\u00fcr finanzielle Unterst\u00fctzung f\u00fcr Aktivit\u00e4ten und Veranstaltungen, die diesen Kriterien entsprechen, k\u00f6nnen an das Pr\u00e4sidium herangetragen werden: <a href=\"mailto:kontakt@oegmw.at\">kontakt@oegmw.at<\/a><\/p>","protected":false},"excerpt":{"rendered":"<p>Die \u00d6sterreichische Gesellschaft f\u00fcr Musikwissenschaft (\u00d6GMw) ist der gr\u00f6\u00dfte \u00f6sterreichische Fachverband auf dem Gebiet der Musikforschung und wurde 1973 als Kontaktforum aller mit der \u00f6sterreichischen Musikwissenschaft verbundenen Pers\u00f6nlichkeiten und Institutionen [&hellip;]<\/p>\n","protected":false},"author":2,"featured_media":0,"parent":0,"menu_order":0,"comment_status":"closed","ping_status":"closed","template":"","meta":{"site-sidebar-layout":"default","site-content-layout":"","ast-site-content-layout":"default","site-content-style":"default","site-sidebar-style":"default","ast-global-header-display":"","ast-banner-title-visibility":"","ast-main-header-display":"","ast-hfb-above-header-display":"","ast-hfb-below-header-display":"","ast-hfb-mobile-header-display":"","site-post-title":"","ast-breadcrumbs-content":"","ast-featured-img":"","footer-sml-layout":"","ast-disable-related-posts":"","theme-transparent-header-meta":"","adv-header-id-meta":"","stick-header-meta":"","header-above-stick-meta":"","header-main-stick-meta":"","header-below-stick-meta":"","astra-migrate-meta-layouts":"set","ast-page-background-enabled":"default","ast-page-background-meta":{"desktop":{"background-color":"var(--ast-global-color-4)","background-image":"","background-repeat":"repeat","background-position":"center center","background-size":"auto","background-attachment":"scroll","background-type":"","background-media":"","overlay-type":"","overlay-color":"","overlay-opacity":"","overlay-gradient":""},"tablet":{"background-color":"","background-image":"","background-repeat":"repeat","background-position":"center center","background-size":"auto","background-attachment":"scroll","background-type":"","background-media":"","overlay-type":"","overlay-color":"","overlay-opacity":"","overlay-gradient":""},"mobile":{"background-color":"","background-image":"","background-repeat":"repeat","background-position":"center center","background-size":"auto","background-attachment":"scroll","background-type":"","background-media":"","overlay-type":"","overlay-color":"","overlay-opacity":"","overlay-gradient":""}},"ast-content-background-meta":{"desktop":{"background-color":"var(--ast-global-color-5)","background-image":"","background-repeat":"repeat","background-position":"center center","background-size":"auto","background-attachment":"scroll","background-type":"","background-media":"","overlay-type":"","overlay-color":"","overlay-opacity":"","overlay-gradient":""},"tablet":{"background-color":"var(--ast-global-color-5)","background-image":"","background-repeat":"repeat","background-position":"center center","background-size":"auto","background-attachment":"scroll","background-type":"","background-media":"","overlay-type":"","overlay-color":"","overlay-opacity":"","overlay-gradient":""},"mobile":{"background-color":"var(--ast-global-color-5)","background-image":"","background-repeat":"repeat","background-position":"center center","background-size":"auto","background-attachment":"scroll","background-type":"","background-media":"","overlay-type":"","overlay-color":"","overlay-opacity":"","overlay-gradient":""}},"footnotes":""},"class_list":["post-15","page","type-page","status-publish","hentry"],"_links":{"self":[{"href":"https:\/\/oegmw.at\/en\/wp-json\/wp\/v2\/pages\/15","targetHints":{"allow":["GET"]}}],"collection":[{"href":"https:\/\/oegmw.at\/en\/wp-json\/wp\/v2\/pages"}],"about":[{"href":"https:\/\/oegmw.at\/en\/wp-json\/wp\/v2\/types\/page"}],"author":[{"embeddable":true,"href":"https:\/\/oegmw.at\/en\/wp-json\/wp\/v2\/users\/2"}],"replies":[{"embeddable":true,"href":"https:\/\/oegmw.at\/en\/wp-json\/wp\/v2\/comments?post=15"}],"version-history":[{"count":12,"href":"https:\/\/oegmw.at\/en\/wp-json\/wp\/v2\/pages\/15\/revisions"}],"predecessor-version":[{"id":1283,"href":"https:\/\/oegmw.at\/en\/wp-json\/wp\/v2\/pages\/15\/revisions\/1283"}],"wp:attachment":[{"href":"https:\/\/oegmw.at\/en\/wp-json\/wp\/v2\/media?parent=15"}],"curies":[{"name":"wp","href":"https:\/\/api.w.org\/{rel}","templated":true}]}}