{"id":18,"date":"2023-03-30T15:52:47","date_gmt":"2023-03-30T15:52:47","guid":{"rendered":"https:\/\/oegmw.at\/?page_id=18"},"modified":"2024-10-29T11:33:15","modified_gmt":"2024-10-29T11:33:15","slug":"junge-musikwissenschaft","status":"publish","type":"page","link":"https:\/\/oegmw.at\/en\/junge-musikwissenschaft","title":{"rendered":"Junge Musikwissenschaft"},"content":{"rendered":"<p>Die Junge Musikwissenschaft der \u00d6GMw ist eine ehrenamtliche Initiative von und ein Forum f\u00fcr den musikwissenschaftlichen Nachwuchs in und aus \u00d6sterreich. Sie m\u00f6chte die Studierenden der Musikwissenschaft vernetzen, sie als Teil der Wissenschaftscommunity sichtbar machen und Anlaufstelle f\u00fcr Fragen und Anregungen aller Art sein.<br>Schwerpunkte der Jungen Musikwissenschaft sind die Herausgabe des Nachwuchsmagazins <em><a href=\"https:\/\/oegmw.at\/en\/junge-musikwissenschaft\/anklang\/\">AN:klang<\/a><\/em>, die Organisation von <a href=\"https:\/\/oegmw.at\/en\/junge-musikwissenschaft\/nachwuchssymposium\/\">Nachwuchssymposien<\/a> sowie die Abhaltung von Weiterbildungen und Workshops (z.B. den <a href=\"https:\/\/oegmw.at\/en\/junge-musikwissenschaft\/vernetzung\/\" data-type=\"page\" data-id=\"310\">JuMuWi SchreibTag<\/a>). Weiters betreibt die Junge Musikwissenschaft einen eigenen <a href=\"https:\/\/oegmw.at\/en\/junge-musikwissenschaft\/team\/\">Newsletter<\/a>, der sich durch das Teilen etwa von Call for Papers und Job-Angeboten besonders an Studierende richtet.<br><\/p>\n\n\n\n<h3 class=\"wp-block-heading\" id=\"jumuwi_aktuell\">Aktuelles<\/h3>\n\n\n<ul class=\"wp-block-latest-posts__list wp-block-latest-posts\"><li><a class=\"wp-block-latest-posts__post-title\" href=\"https:\/\/oegmw.at\/en\/archive\/1668\">JuMuWi SpringBreak<\/a><div class=\"wp-block-latest-posts__post-full-content\"><!-- wp:paragraph -->\n<p>Im M\u00e4rz lassen wir die Stifte und Tastaturen ruhen \u2026 Ab dem <strong>1. April<\/strong> geht es dann wieder mit der <strong>DiDo SchreibSoir\u00e9e <\/strong>weiter! N\u00e4here Infos findest du auf der Seite der <a href=\"https:\/\/oegmw.at\/en\/junge-musikwissenschaft\/vernetzung\/#JuMuWi SchreibTag\" target=\"_blank\" rel=\"noreferrer noopener\">AG Vernetzung<\/a>. Unverbindliche Anmeldung unter\u00a0<a href=\"mailto:jumuwi@oegmw.at\" target=\"_blank\" rel=\"noreferrer noopener\">jumuwi@oegmw.at<\/a>.<\/p>\n<!-- \/wp:paragraph -->\n\n<!-- wp:paragraph -->\n<p><\/p>\n<!-- \/wp:paragraph --><\/div><\/li>\n<li><a class=\"wp-block-latest-posts__post-title\" href=\"https:\/\/oegmw.at\/en\/archive\/1101\">Call for Participation: Student Research Group &#8222;Das Mysterium &#8218;Totentanz\u00c4 des Komponisten Felix Woyrsch&#8220;<\/a><div class=\"wp-block-latest-posts__post-full-content\"><!-- wp:paragraph -->\n<p>Die Junge Musikwissenschaft der \u00d6GMw sucht in Kooperation mit der Hamburger Pfohl-Woyrsch-Gesellschaft e. V. nach motivierten Studierenden f\u00fcr eine drei- bis vierk\u00f6pfige Student Research Group, um gemeinsam zur bislang kaum beachteten Rezeption des Totentanzes des deutschen Komponisten Felix Woyrsch (1860-1944) in \u00d6sterreich zu forschen. <\/p>\n<!-- \/wp:paragraph -->\n\n<!-- wp:paragraph -->\n<p>Der vollst\u00e4ndige Call kann <strong><a href=\"https:\/\/oegmw.at\/wp-content\/uploads\/2024\/03\/Student-Research-Group-2024_CfP.pdf\">hier<\/a><\/strong> aufgerufen werden.<\/p>\n<!-- \/wp:paragraph --><\/div><\/li>\n<li><a class=\"wp-block-latest-posts__post-title\" href=\"https:\/\/oegmw.at\/en\/archive\/990\">Nachwuchsmagazin<\/a><div class=\"wp-block-latest-posts__post-full-content\"><!-- wp:paragraph -->\n<p>In K\u00fcrze erscheint die erste Ausgabe <a href=\"https:\/\/oegmw.at\/en\/junge-musikwissenschaft\/anklang\/\" target=\"_blank\" rel=\"noreferrer noopener\">AN:klang<\/a> des Nachwuchsmagazins der Jungen Musikwissenschaft und die AG Publikation freut sich, diese demn\u00e4chst hier zu ver\u00f6ffentlichen!<\/p>\n<!-- \/wp:paragraph -->\n\n<!-- wp:paragraph -->\n<p><\/p>\n<!-- \/wp:paragraph --><\/div><\/li>\n<\/ul>\n\n\n<p><\/p>\n\n\n\n<h3 class=\"wp-block-heading\" id=\"jumuwi_aktuell\">Interesse geweckt?<\/h3>\n\n\n\n<p>Dann bleibe up to date und registriere Dich f\u00fcr unseren <strong>Newsletter<\/strong>: ein kurzes E-Mail an&nbsp;<a href=\"mailto:jumuwi@oegmw.at\">jumuwi@oegmw.at<\/a> gen\u00fcgt!<\/p>\n\n\n\n<p>Schon <strong>Mitglied<\/strong> der \u00d6GMw? Als Studentisches Mitglied unterst\u00fctzt Du nicht nur die vielf\u00e4ltigen Aktivit\u00e4ten der Gesellschaft, sondern erh\u00e4ltst auch die M\u00f6glichkeit, F\u00f6rderungen wie Reisekostenzusch\u00fcsse f\u00fcr den Besuch von Fachveranstaltungen oder Unterst\u00fctzung bei Forschungsprojekten zu beantragen. <a href=\"https:\/\/oegmw.at\/en\/mitgliedschaft\/\">Jetzt Mitglied werden<\/a> \ud83d\udcee<\/p>\n\n\n\n<p>Lust, Dich selbst <strong>aktiv<\/strong> in der Jungen Musikwissenschaft zu engagieren? Dann wende Dich gerne per E-Mail an <a href=\"mailto:jumuwi@oegmw.at\">jumuwi@oegmw.at<\/a> oder kontaktiere direkt die <a href=\"https:\/\/oegmw.at\/en\/junge-musikwissenschaft\/team\/\">Verantwortlichen der einzelnen AGs<\/a>.<br><\/p>","protected":false},"excerpt":{"rendered":"<p>Die Junge Musikwissenschaft der \u00d6GMw ist eine ehrenamtliche Initiative von und ein Forum f\u00fcr den musikwissenschaftlichen Nachwuchs in und aus \u00d6sterreich. Sie m\u00f6chte die Studierenden der Musikwissenschaft vernetzen, sie als [&hellip;]<\/p>\n","protected":false},"author":2,"featured_media":0,"parent":0,"menu_order":0,"comment_status":"closed","ping_status":"closed","template":"","meta":{"site-sidebar-layout":"default","site-content-layout":"","ast-site-content-layout":"default","site-content-style":"default","site-sidebar-style":"default","ast-global-header-display":"","ast-banner-title-visibility":"","ast-main-header-display":"","ast-hfb-above-header-display":"","ast-hfb-below-header-display":"","ast-hfb-mobile-header-display":"","site-post-title":"","ast-breadcrumbs-content":"","ast-featured-img":"","footer-sml-layout":"","ast-disable-related-posts":"","theme-transparent-header-meta":"","adv-header-id-meta":"","stick-header-meta":"","header-above-stick-meta":"","header-main-stick-meta":"","header-below-stick-meta":"","astra-migrate-meta-layouts":"set","ast-page-background-enabled":"default","ast-page-background-meta":{"desktop":{"background-color":"var(--ast-global-color-4)","background-image":"","background-repeat":"repeat","background-position":"center center","background-size":"auto","background-attachment":"scroll","background-type":"","background-media":"","overlay-type":"","overlay-color":"","overlay-opacity":"","overlay-gradient":""},"tablet":{"background-color":"","background-image":"","background-repeat":"repeat","background-position":"center center","background-size":"auto","background-attachment":"scroll","background-type":"","background-media":"","overlay-type":"","overlay-color":"","overlay-opacity":"","overlay-gradient":""},"mobile":{"background-color":"","background-image":"","background-repeat":"repeat","background-position":"center center","background-size":"auto","background-attachment":"scroll","background-type":"","background-media":"","overlay-type":"","overlay-color":"","overlay-opacity":"","overlay-gradient":""}},"ast-content-background-meta":{"desktop":{"background-color":"var(--ast-global-color-5)","background-image":"","background-repeat":"repeat","background-position":"center center","background-size":"auto","background-attachment":"scroll","background-type":"","background-media":"","overlay-type":"","overlay-color":"","overlay-opacity":"","overlay-gradient":""},"tablet":{"background-color":"var(--ast-global-color-5)","background-image":"","background-repeat":"repeat","background-position":"center center","background-size":"auto","background-attachment":"scroll","background-type":"","background-media":"","overlay-type":"","overlay-color":"","overlay-opacity":"","overlay-gradient":""},"mobile":{"background-color":"var(--ast-global-color-5)","background-image":"","background-repeat":"repeat","background-position":"center center","background-size":"auto","background-attachment":"scroll","background-type":"","background-media":"","overlay-type":"","overlay-color":"","overlay-opacity":"","overlay-gradient":""}},"footnotes":""},"class_list":["post-18","page","type-page","status-publish","hentry"],"_links":{"self":[{"href":"https:\/\/oegmw.at\/en\/wp-json\/wp\/v2\/pages\/18","targetHints":{"allow":["GET"]}}],"collection":[{"href":"https:\/\/oegmw.at\/en\/wp-json\/wp\/v2\/pages"}],"about":[{"href":"https:\/\/oegmw.at\/en\/wp-json\/wp\/v2\/types\/page"}],"author":[{"embeddable":true,"href":"https:\/\/oegmw.at\/en\/wp-json\/wp\/v2\/users\/2"}],"replies":[{"embeddable":true,"href":"https:\/\/oegmw.at\/en\/wp-json\/wp\/v2\/comments?post=18"}],"version-history":[{"count":51,"href":"https:\/\/oegmw.at\/en\/wp-json\/wp\/v2\/pages\/18\/revisions"}],"predecessor-version":[{"id":1657,"href":"https:\/\/oegmw.at\/en\/wp-json\/wp\/v2\/pages\/18\/revisions\/1657"}],"wp:attachment":[{"href":"https:\/\/oegmw.at\/en\/wp-json\/wp\/v2\/media?parent=18"}],"curies":[{"name":"wp","href":"https:\/\/api.w.org\/{rel}","templated":true}]}}