{"id":19,"date":"2023-03-30T15:52:47","date_gmt":"2023-03-30T15:52:47","guid":{"rendered":"https:\/\/oegmw.at\/?page_id=19"},"modified":"2024-06-21T10:58:41","modified_gmt":"2024-06-21T10:58:41","slug":"aktivitaeten","status":"publish","type":"page","link":"https:\/\/oegmw.at\/en\/aktivitaeten","title":{"rendered":"Aktivit\u00e4ten"},"content":{"rendered":"<p>Die \u00d6GMw betrachtet die Vermittlung von Informationen und die F\u00f6rderung der Kommunikation innerhalb der Disziplin als eine ihrer wesentlichen Aufgaben. Dem wird besonders durch die Veranstaltung nationaler und internationaler Kongresse Rechnung getragen, deren Ergebnisse in Kongressberichten publiziert werden. Ebenso dienen regelm\u00e4\u00dfige Vortrags- und Veranstaltungsreihen dem wissenschaftlichen Meinungsaustausch.<\/p>\n\n\n\n<p>Die \u00d6GMw unterst\u00fctzt zudem Aktivit\u00e4ten und Veranstaltungen finanziell, die<\/p>\n\n\n\n<ul class=\"wp-block-list\">\n<li>unmittelbar mit den Zielen der \u00d6GMw, festgelegt in den Statuten, \u00fcbereinstimmen. Das ist insbesondere die F\u00f6rderung der \u00f6sterreichischen Musikwissenschaft, hierbei insbesondere die Durchf\u00fchrung von Aktivit\u00e4ten, die der Vernetzung dienen.<\/li>\n\n\n\n<li>Besonders gef\u00f6rdert werden sollen Aktivit\u00e4ten, die Nachwuchswissenschaftler:innen (Studierende, Prae-\/Postdoc) f\u00f6rdern, entweder indem die Aktivit\u00e4ten von Nachwuchswissenschaftler:innen selbst durchgef\u00fchrt oder indem diese durch die Aktivit\u00e4ten besonders adressiert werden.<\/li>\n\n\n\n<li>Die \u00d6GMw \u00fcbernimmt eine Teilf\u00f6rderung (eine Gesamtkalkulation ist in jedem Fall vorzulegen).<\/li>\n\n\n\n<li>Bei personenbezogenen F\u00f6rderungen ist eine Mitgliedschaft in der \u00d6GMw Voraussetzung.<\/li>\n<\/ul>\n\n\n\n<p>Ansuchen f\u00fcr finanzielle Unterst\u00fctzung f\u00fcr Aktivit\u00e4ten und Veranstaltungen, die diesen Kriterien entsprechen, k\u00f6nnen an das Pr\u00e4sidium herangetragen werden: <a href=\"mailto:kontakt@oegmw.at\">kontakt@oegmw.at<\/a><\/p>","protected":false},"excerpt":{"rendered":"<p>Die \u00d6GMw betrachtet die Vermittlung von Informationen und die F\u00f6rderung der Kommunikation innerhalb der Disziplin als eine ihrer wesentlichen Aufgaben. Dem wird besonders durch die Veranstaltung nationaler und internationaler Kongresse [&hellip;]<\/p>\n","protected":false},"author":2,"featured_media":0,"parent":0,"menu_order":0,"comment_status":"closed","ping_status":"closed","template":"","meta":{"site-sidebar-layout":"default","site-content-layout":"","ast-site-content-layout":"default","site-content-style":"default","site-sidebar-style":"default","ast-global-header-display":"","ast-banner-title-visibility":"","ast-main-header-display":"","ast-hfb-above-header-display":"","ast-hfb-below-header-display":"","ast-hfb-mobile-header-display":"","site-post-title":"","ast-breadcrumbs-content":"","ast-featured-img":"","footer-sml-layout":"","ast-disable-related-posts":"","theme-transparent-header-meta":"","adv-header-id-meta":"","stick-header-meta":"","header-above-stick-meta":"","header-main-stick-meta":"","header-below-stick-meta":"","astra-migrate-meta-layouts":"set","ast-page-background-enabled":"default","ast-page-background-meta":{"desktop":{"background-color":"var(--ast-global-color-4)","background-image":"","background-repeat":"repeat","background-position":"center center","background-size":"auto","background-attachment":"scroll","background-type":"","background-media":"","overlay-type":"","overlay-color":"","overlay-opacity":"","overlay-gradient":""},"tablet":{"background-color":"","background-image":"","background-repeat":"repeat","background-position":"center center","background-size":"auto","background-attachment":"scroll","background-type":"","background-media":"","overlay-type":"","overlay-color":"","overlay-opacity":"","overlay-gradient":""},"mobile":{"background-color":"","background-image":"","background-repeat":"repeat","background-position":"center center","background-size":"auto","background-attachment":"scroll","background-type":"","background-media":"","overlay-type":"","overlay-color":"","overlay-opacity":"","overlay-gradient":""}},"ast-content-background-meta":{"desktop":{"background-color":"var(--ast-global-color-5)","background-image":"","background-repeat":"repeat","background-position":"center center","background-size":"auto","background-attachment":"scroll","background-type":"","background-media":"","overlay-type":"","overlay-color":"","overlay-opacity":"","overlay-gradient":""},"tablet":{"background-color":"var(--ast-global-color-5)","background-image":"","background-repeat":"repeat","background-position":"center center","background-size":"auto","background-attachment":"scroll","background-type":"","background-media":"","overlay-type":"","overlay-color":"","overlay-opacity":"","overlay-gradient":""},"mobile":{"background-color":"var(--ast-global-color-5)","background-image":"","background-repeat":"repeat","background-position":"center center","background-size":"auto","background-attachment":"scroll","background-type":"","background-media":"","overlay-type":"","overlay-color":"","overlay-opacity":"","overlay-gradient":""}},"footnotes":""},"class_list":["post-19","page","type-page","status-publish","hentry"],"_links":{"self":[{"href":"https:\/\/oegmw.at\/en\/wp-json\/wp\/v2\/pages\/19","targetHints":{"allow":["GET"]}}],"collection":[{"href":"https:\/\/oegmw.at\/en\/wp-json\/wp\/v2\/pages"}],"about":[{"href":"https:\/\/oegmw.at\/en\/wp-json\/wp\/v2\/types\/page"}],"author":[{"embeddable":true,"href":"https:\/\/oegmw.at\/en\/wp-json\/wp\/v2\/users\/2"}],"replies":[{"embeddable":true,"href":"https:\/\/oegmw.at\/en\/wp-json\/wp\/v2\/comments?post=19"}],"version-history":[{"count":4,"href":"https:\/\/oegmw.at\/en\/wp-json\/wp\/v2\/pages\/19\/revisions"}],"predecessor-version":[{"id":1296,"href":"https:\/\/oegmw.at\/en\/wp-json\/wp\/v2\/pages\/19\/revisions\/1296"}],"wp:attachment":[{"href":"https:\/\/oegmw.at\/en\/wp-json\/wp\/v2\/media?parent=19"}],"curies":[{"name":"wp","href":"https:\/\/api.w.org\/{rel}","templated":true}]}}