{"id":2370,"date":"2026-03-26T12:22:11","date_gmt":"2026-03-26T11:22:11","guid":{"rendered":"https:\/\/oegmw.at\/?page_id=2370"},"modified":"2026-03-26T13:30:53","modified_gmt":"2026-03-26T12:30:53","slug":"best-paper-award","status":"publish","type":"page","link":"https:\/\/oegmw.at\/en\/musicologica-austriaca\/best-paper-award","title":{"rendered":"Best Paper Award"},"content":{"rendered":"<h3 class=\"wp-block-heading\">Preistr\u00e4gerinnen des Musicologica Austriaca Best Paper Award 2024<\/h3>\n\n\n\n<p><strong>Wir gratulieren Isabel Frey und Angelica Pinna zum <em>Musicologica Austriaca<\/em> Best Paper Award 2024!<\/strong><\/p>\n\n\n\n<p>Im Rahmen der heurigen Ausschreibung des <em>Musicologica Austriaca<\/em>-Publikationspreises wurden 12 Aufs\u00e4tze zu vielf\u00e4ltigen Themen rund um Musik, Musiker:innen und Musikkulturen eingereicht, die (in einem breiten Verst\u00e4ndnis) in einer Verbindung zu \u00d6sterreich stehen. Die Beitr\u00e4ge wurden anonymisiert begutachtet. Dabei ist die Jury, wie auch 2022, zu dem Entschluss gekommen, den Preis auf zwei qualitativ gleicherma\u00dfen hochwertige Beitr\u00e4ge aufzuteilen:<\/p>\n\n\n\n<p class=\"has-text-align-center\"><strong><a href=\"https:\/\/musau.org\/parts\/neue-article-page\/view\/179\" data-type=\"link\" data-id=\"https:\/\/musau.org\/parts\/neue-article-page\/view\/179\" target=\"_blank\" rel=\"noreferrer noopener\">Isabel Frey, \u201eMusical <em>minhag<\/em>: Negotiating Prayer Melodies in a Liberal Synagogue in Vienna\u201c<\/a><\/strong><\/p>\n\n\n\n<p class=\"has-text-align-center\"><strong><a href=\"https:\/\/musau.org\/parts\/neue-article-page\/view\/180\" data-type=\"link\" data-id=\"https:\/\/musau.org\/parts\/neue-article-page\/view\/180\" target=\"_blank\" rel=\"noreferrer noopener\">Angelica Pinna, \u201eAustria\u2018s Memory Turn on Display: Music Exhibitions as Pathways out of Oblivion\u201c<\/a><\/strong><\/p>\n\n\n\n<p>Damit geht die Auszeichnung heuer an zwei Kolleginnen der Universit\u00e4t f\u00fcr Musik und darstellende Kunst Wien, wo Pinna ihr Doktorat absolviert und Frey dieses vor kurzem absolviert hat und nun als Senior Artist t\u00e4tig ist. Beide Beitr\u00e4ge \u00fcberzeugten die Jury mit einer klaren Fragestellung, nachvollziehbaren Argumentation, methodisch konzisen Durchf\u00fchrung und neuen Erkenntnissen, die nicht nur Ankn\u00fcpfungspunkte f\u00fcr die jeweiligen spezifischen Forschungsfelder bieten, sondern weit dar\u00fcber hinaus.<\/p>\n\n\n\n<p>Beide Autorinnen nutzen zudem durch die Integration multimedialer Elemente die M\u00f6glichkeiten der <em>MusAu <\/em>als online-Medium aus. Wenngleich dies kein Bewertungskriterium im Auswahlprozess darstellte, so mag es doch die Vorfreude auf das Erscheinen der beiden Beitr\u00e4ge noch zu steigern.<\/p>\n\n\n\n<p>Freys Aufsatz zu den musikalischen Praktiken an der liberalen Synagoge Or Chadash in Wien ist eine gelungene Tiefenbohrung in ein Fallbeispiel, das grundlegende Fragen aufwirft. Das Spannungsfeld zwischen Tradition und Innovation, zwischen Normen und tats\u00e4chlich gelebter Praxis in religi\u00f6s-musikalischen Zusammenh\u00e4ngen wird anschaulich und greifbar gemacht. Die hochinteressante und gut nachvollziehbare Aufschl\u00fcsselung der untersuchten Gebetsmelodien in verschiedene Funktionsmodi ist eine der gro\u00dfen methodischen St\u00e4rken dieser Arbeit. Die Autorin leistet damit einen wichtigen Beitrag zur Forschung \u00fcber j\u00fcdische Musik, insbesondere \u00fcber j\u00fcdisch-religi\u00f6se Musikpraktiken im heutigen Europa.<\/p>\n\n\n\n<p>Pinna verkn\u00fcpft in ihrem interdisziplin\u00e4r angelegten Text \u00fcber musikspezifische Ausstellungen zum Nationalsozialismus in \u00d6sterreich Perspektiven aus der Musik-, Geschichts- und Erinnerungsforschung. Die Diskussion vielf\u00e4ltiger Themen nimmt ihren Ausgang von konkreten Beispielen f\u00fcr Ausstellungen im Haus der Geschichte \u00d6sterreichs, an der Universit\u00e4t f\u00fcr Musik und darstellende Kunst Wien und im Technischen Museum Wien. Pinnas sich daran entfaltende erhellende Untersuchung kuratorischer Praktiken in der Darstellung von Musikgeschichte bzw. von Musik in der Geschichte stellt nicht nur einen relevanten wissenschaftlichen Beitrag f\u00fcr die eigene Disziplin und aus dieser hinausweisend dar, sondern ebenso allgemein in der Auseinandersetzung mit \u00f6sterreichischer Nationalsozialismus- und Nachkriegsgeschichte sowie mit Vergangenheitsaufarbeitung und Identit\u00e4tsbildung. Ein Thema, das in unserer Gegenwart nichts an seiner Bedeutung und Brisanz eingeb\u00fc\u00dft hat.<\/p>\n\n\n\n<p>Die Aufs\u00e4tze erscheinen in der <a href=\"https:\/\/musau.org\/\" data-type=\"link\" data-id=\"https:\/\/musau.org\/\" target=\"_blank\" rel=\"noreferrer noopener\"><em><strong>Musicologica Austriaca<\/strong><\/em><\/a>.<\/p>","protected":false},"excerpt":{"rendered":"<p>Preistr\u00e4gerinnen des Musicologica Austriaca Best Paper Award 2024 Wir gratulieren Isabel Frey und Angelica Pinna zum Musicologica Austriaca Best Paper Award 2024! Im Rahmen der heurigen Ausschreibung des Musicologica Austriaca-Publikationspreises [&hellip;]<\/p>\n","protected":false},"author":1,"featured_media":0,"parent":16,"menu_order":0,"comment_status":"closed","ping_status":"closed","template":"","meta":{"site-sidebar-layout":"default","site-content-layout":"","ast-site-content-layout":"default","site-content-style":"default","site-sidebar-style":"default","ast-global-header-display":"","ast-banner-title-visibility":"","ast-main-header-display":"","ast-hfb-above-header-display":"","ast-hfb-below-header-display":"","ast-hfb-mobile-header-display":"","site-post-title":"","ast-breadcrumbs-content":"","ast-featured-img":"","footer-sml-layout":"","ast-disable-related-posts":"","theme-transparent-header-meta":"","adv-header-id-meta":"","stick-header-meta":"","header-above-stick-meta":"","header-main-stick-meta":"","header-below-stick-meta":"","astra-migrate-meta-layouts":"set","ast-page-background-enabled":"default","ast-page-background-meta":{"desktop":{"background-color":"var(--ast-global-color-4)","background-image":"","background-repeat":"repeat","background-position":"center center","background-size":"auto","background-attachment":"scroll","background-type":"","background-media":"","overlay-type":"","overlay-color":"","overlay-opacity":"","overlay-gradient":""},"tablet":{"background-color":"","background-image":"","background-repeat":"repeat","background-position":"center center","background-size":"auto","background-attachment":"scroll","background-type":"","background-media":"","overlay-type":"","overlay-color":"","overlay-opacity":"","overlay-gradient":""},"mobile":{"background-color":"","background-image":"","background-repeat":"repeat","background-position":"center center","background-size":"auto","background-attachment":"scroll","background-type":"","background-media":"","overlay-type":"","overlay-color":"","overlay-opacity":"","overlay-gradient":""}},"ast-content-background-meta":{"desktop":{"background-color":"var(--ast-global-color-5)","background-image":"","background-repeat":"repeat","background-position":"center center","background-size":"auto","background-attachment":"scroll","background-type":"","background-media":"","overlay-type":"","overlay-color":"","overlay-opacity":"","overlay-gradient":""},"tablet":{"background-color":"var(--ast-global-color-5)","background-image":"","background-repeat":"repeat","background-position":"center center","background-size":"auto","background-attachment":"scroll","background-type":"","background-media":"","overlay-type":"","overlay-color":"","overlay-opacity":"","overlay-gradient":""},"mobile":{"background-color":"var(--ast-global-color-5)","background-image":"","background-repeat":"repeat","background-position":"center center","background-size":"auto","background-attachment":"scroll","background-type":"","background-media":"","overlay-type":"","overlay-color":"","overlay-opacity":"","overlay-gradient":""}},"footnotes":""},"class_list":["post-2370","page","type-page","status-publish","hentry"],"_links":{"self":[{"href":"https:\/\/oegmw.at\/en\/wp-json\/wp\/v2\/pages\/2370","targetHints":{"allow":["GET"]}}],"collection":[{"href":"https:\/\/oegmw.at\/en\/wp-json\/wp\/v2\/pages"}],"about":[{"href":"https:\/\/oegmw.at\/en\/wp-json\/wp\/v2\/types\/page"}],"author":[{"embeddable":true,"href":"https:\/\/oegmw.at\/en\/wp-json\/wp\/v2\/users\/1"}],"replies":[{"embeddable":true,"href":"https:\/\/oegmw.at\/en\/wp-json\/wp\/v2\/comments?post=2370"}],"version-history":[{"count":2,"href":"https:\/\/oegmw.at\/en\/wp-json\/wp\/v2\/pages\/2370\/revisions"}],"predecessor-version":[{"id":2374,"href":"https:\/\/oegmw.at\/en\/wp-json\/wp\/v2\/pages\/2370\/revisions\/2374"}],"up":[{"embeddable":true,"href":"https:\/\/oegmw.at\/en\/wp-json\/wp\/v2\/pages\/16"}],"wp:attachment":[{"href":"https:\/\/oegmw.at\/en\/wp-json\/wp\/v2\/media?parent=2370"}],"curies":[{"name":"wp","href":"https:\/\/api.w.org\/{rel}","templated":true}]}}