{"id":2385,"date":"2026-03-26T14:27:07","date_gmt":"2026-03-26T13:27:07","guid":{"rendered":"https:\/\/oegmw.at\/?page_id=2385"},"modified":"2026-03-26T14:27:47","modified_gmt":"2026-03-26T13:27:47","slug":"ag-transparenz-foerderrichtlinien","status":"publish","type":"page","link":"https:\/\/oegmw.at\/en\/aktivitaeten\/ag-transparenz-foerderrichtlinien","title":{"rendered":"AG Transparenz F\u00f6rderrichtlinien\u00a0"},"content":{"rendered":"<p>Bericht \u00fcber die Besprechung f\u00fcr die Pr\u00e4sidiumssitzung am 27.03.2026<\/p>\n\n\n\n<p>Arbeitsdokument \u00fcber die Ausarbeitung der F\u00f6rderrichtlinien von Andr\u00e9, Eva &amp; J\u00f6rg<\/p>\n\n\n\n<p>Ziel: Erstellung von F\u00f6rderrichtlinien, die auf der Website ver\u00f6ffentlicht werden und Information sowie Leitfaden f\u00fcr die Antragsstellung sein sollen. Die genaue Ausformulierung vieler Punkte erfolgt nach einer Abstimmung mit dem Pr\u00e4sidium.<\/p>\n\n\n\n<p>\u00a71 F\u00f6rderungen durch die \u00d6sterreichische Gesellschaft von Musikwissenschaft<\/p>\n\n\n\n<ol class=\"wp-block-list\">\n<li>Die \u00d6GMW, vertreten durch das Pr\u00e4sidium, kann unter \u00a73 der Richtlinien aufgef\u00fchrte Aktivit\u00e4ten finanziell f\u00f6rdern.<\/li>\n\n\n\n<li>Grundlage ist ein Antrag zur F\u00f6rderung, den unter \u00a72 berechtigte Personen an XY \/ in Form von XY stellen.<\/li>\n\n\n\n<li>F\u00f6rderantr\u00e4ge werden in den Pr\u00e4sidiumssitzungen, die etwa X mal im Jahr stattfinden, zur Abstimmung gebracht<\/li>\n\n\n\n<li>Ausgeschriebene Stipendien werden in festgelegter Anzahl und mit festgelegter Obergrenze vergeben.<\/li>\n\n\n\n<li>Andere beantragte F\u00f6rderungen werden im Einzelfall vom Pr\u00e4sidium innerhalb der Sitzungen beschlossen<\/li>\n<\/ol>\n\n\n\n<p>\u00a72 Antragsberechtigte Personen<\/p>\n\n\n\n<ol class=\"wp-block-list\">\n<li>Antr\u00e4ge zur F\u00f6rderung k\u00f6nnen ausschlie\u00dflich Mitglieder der \u00d6sterreichischen Gesellschaft f\u00fcr Musikwissenschaft stellen<\/li>\n\n\n\n<li>Antr\u00e4ge k\u00f6nnen ausschlie\u00dflich f\u00fcr sich selbst bzw. eigene Aktivit\u00e4ten gestellt werden, nicht stellvertretend f\u00fcr andere Personen<\/li>\n\n\n\n<li>Die \u00d6GMW f\u00f6rdert in erster Linie wissenschaftlichen Nachwuchs \/ early career researchers (die es noch zu definieren gilt, ab wann und bis wann in der akademischen Laufbahn) und Forschende, die \u00fcber keine Anstellung verf\u00fcgen<\/li>\n\n\n\n<li>Berechtigt sind diese erst, wenn andere F\u00f6rderm\u00f6glichkeiten (z.B. durch die Arbeitsstelle oder Projektgelder) bereits ausgesch\u00f6pft oder nicht m\u00f6glich sind.<\/li>\n<\/ol>\n\n\n\n<p>\u00a73 F\u00f6rderw\u00fcrdige Aktivit\u00e4ten<\/p>\n\n\n\n<ol class=\"wp-block-list\">\n<li>Die \u00d6GMW f\u00f6rdert grunds\u00e4tzlich nur musikwissenschaftliche Aktivit\u00e4ten mit einem Bezug zu \u00d6sterreich (?)<\/li>\n\n\n\n<li>Vorrangig werden Konferenzteilnahmen in Form von Reisekostenzusch\u00fcssen gef\u00f6rdert, Voraussetzung daf\u00fcr ist die Pr\u00e4sentation eines Beitrags in Form von Vortrag oder Poster von der antragstellenden Person.<\/li>\n\n\n\n<li>Ebenfalls f\u00f6rderw\u00fcrdig ist die Organisation von Veranstaltungen gem\u00e4\u00df \u00a73(1). Auch hier m\u00fcssen andere F\u00f6rderm\u00f6glichkeiten zuerst abgesch\u00f6pft werden.<\/li>\n\n\n\n<li>Andere T\u00e4tigkeiten (z.B. Lehre, Projekte, Publikationen) werden nur in Ausnahmef\u00e4llen beantragt werden (?)<\/li>\n\n\n\n<li>Nicht gef\u00f6rdert werden ???<\/li>\n<\/ol>\n\n\n\n<p>\u00a74 Antragstellung<\/p>\n\n\n\n<ol class=\"wp-block-list\">\n<li>Antr\u00e4ge k\u00f6nnen (zu Zeitpunkt\/en?) gestellt werden, formlos (?) an (?)<\/li>\n\n\n\n<li>Jeder Antrag muss eine Begr\u00fcndung der Notwendigkeit enthalten.<\/li>\n\n\n\n<li>Antr\u00e4ge sind zum fr\u00fchestm\u00f6glichen Zeitpunkt zu stellen (?) k\u00f6nnen Antr\u00e4ge im Nachhinein gestellt werden oder grunds\u00e4tzlich nicht?<\/li>\n<\/ol>\n\n\n\n<p>\u00a75 Entscheidung&nbsp;<\/p>\n\n\n\n<ol class=\"wp-block-list\">\n<li>\u00dcber eine Genehmigung der F\u00f6rderung entscheidet das Pr\u00e4sidiums mittels Abstimmung und einfacher Mehrheit.<\/li>\n\n\n\n<li>Das Pr\u00e4sidium kann nach Ma\u00dfgabe auch einen Teil der beantragten F\u00f6rdersumme genehmigen.<\/li>\n\n\n\n<li>Auch Antr\u00e4ge, die den F\u00f6rderkriterien voll entsprechen, k\u00f6nnen abgelehnt werden, z.B. wenn entsprechende F\u00f6rdergelder nicht mehr vorhanden sind.<\/li>\n\n\n\n<li>Die Information \u00fcber Annahme oder Ablehnung des Antrags sowie der festgelegten F\u00f6rdersumme ergeht zeitnah nach Beschluss und schriftlich an die antragstellende Person<\/li>\n<\/ol>\n\n\n\n<p>\u00a76 Umweltfreundlichkeit und Verh\u00e4ltnism\u00e4\u00dfigkeit<\/p>\n\n\n\n<ol class=\"wp-block-list\">\n<li>Die \u00d6GMW ber\u00fccksichtigt auch bei der Vergabe von F\u00f6rderungen klimarelevante Aspekte.<\/li>\n\n\n\n<li>Besonders bei Reisekostenantr\u00e4gen sind klimafreundliche Alternativen (Bahn statt Flugzeug, \u00d6PNV statt Taxi) vorzuziehen.<\/li>\n\n\n\n<li>Bei N\u00e4chtigungskosten ist auf Verh\u00e4ltnism\u00e4\u00dfigkeit zu achten.\u00a0<\/li>\n\n\n\n<li>Buchungen sollen zum fr\u00fchestm\u00f6glichen Zeitpunkt gemacht werden, um die Kosten gering zu halten.\u00a0<\/li>\n<\/ol>\n\n\n\n<p>$7 Auszahlung von F\u00f6rderungen<\/p>\n\n\n\n<ol class=\"wp-block-list\">\n<li>Reisekostenf\u00f6rderungen und -stipendien werden bis zu einer festgelegten H\u00f6chstsumme als Belegrefundierung ausgezahlt.<\/li>\n\n\n\n<li>Nicht nachweisbare Reise- und N\u00e4chtigungskosten sowie Teilnahmegeb\u00fchren k\u00f6nnen nicht ausbezahlt werden.\u00a0<\/li>\n\n\n\n<li>Verpflegung und andere Ausgaben k\u00f6nnen nicht refundiert werden.<\/li>\n\n\n\n<li>F\u00f6rderungen f\u00fcr die Durchf\u00fchrung von Veranstaltungen werden in vereinbarter H\u00f6he ausgezahlt und sind Zweckgebunden, d.h. m\u00fcssen bei Nichtdurchf\u00fchrung zur\u00fcckerstattet werden.\u00a0<\/li>\n\n\n\n<li>S\u00e4mtliche F\u00f6rderungen k\u00f6nnen ausschlie\u00dflich per \u00dcberweisung an ein genanntes Konto ausbezahlt werden.<\/li>\n<\/ol>","protected":false},"excerpt":{"rendered":"<p>Bericht \u00fcber die Besprechung f\u00fcr die Pr\u00e4sidiumssitzung am 27.03.2026 Arbeitsdokument \u00fcber die Ausarbeitung der F\u00f6rderrichtlinien von Andr\u00e9, Eva &amp; J\u00f6rg Ziel: Erstellung von F\u00f6rderrichtlinien, die auf der Website ver\u00f6ffentlicht werden [&hellip;]<\/p>\n","protected":false},"author":1,"featured_media":0,"parent":19,"menu_order":0,"comment_status":"closed","ping_status":"closed","template":"","meta":{"site-sidebar-layout":"default","site-content-layout":"","ast-site-content-layout":"default","site-content-style":"default","site-sidebar-style":"default","ast-global-header-display":"","ast-banner-title-visibility":"","ast-main-header-display":"","ast-hfb-above-header-display":"","ast-hfb-below-header-display":"","ast-hfb-mobile-header-display":"","site-post-title":"","ast-breadcrumbs-content":"","ast-featured-img":"","footer-sml-layout":"","ast-disable-related-posts":"","theme-transparent-header-meta":"","adv-header-id-meta":"","stick-header-meta":"","header-above-stick-meta":"","header-main-stick-meta":"","header-below-stick-meta":"","astra-migrate-meta-layouts":"set","ast-page-background-enabled":"default","ast-page-background-meta":{"desktop":{"background-color":"var(--ast-global-color-4)","background-image":"","background-repeat":"repeat","background-position":"center center","background-size":"auto","background-attachment":"scroll","background-type":"","background-media":"","overlay-type":"","overlay-color":"","overlay-opacity":"","overlay-gradient":""},"tablet":{"background-color":"","background-image":"","background-repeat":"repeat","background-position":"center center","background-size":"auto","background-attachment":"scroll","background-type":"","background-media":"","overlay-type":"","overlay-color":"","overlay-opacity":"","overlay-gradient":""},"mobile":{"background-color":"","background-image":"","background-repeat":"repeat","background-position":"center center","background-size":"auto","background-attachment":"scroll","background-type":"","background-media":"","overlay-type":"","overlay-color":"","overlay-opacity":"","overlay-gradient":""}},"ast-content-background-meta":{"desktop":{"background-color":"var(--ast-global-color-5)","background-image":"","background-repeat":"repeat","background-position":"center center","background-size":"auto","background-attachment":"scroll","background-type":"","background-media":"","overlay-type":"","overlay-color":"","overlay-opacity":"","overlay-gradient":""},"tablet":{"background-color":"var(--ast-global-color-5)","background-image":"","background-repeat":"repeat","background-position":"center center","background-size":"auto","background-attachment":"scroll","background-type":"","background-media":"","overlay-type":"","overlay-color":"","overlay-opacity":"","overlay-gradient":""},"mobile":{"background-color":"var(--ast-global-color-5)","background-image":"","background-repeat":"repeat","background-position":"center center","background-size":"auto","background-attachment":"scroll","background-type":"","background-media":"","overlay-type":"","overlay-color":"","overlay-opacity":"","overlay-gradient":""}},"footnotes":""},"class_list":["post-2385","page","type-page","status-publish","hentry"],"_links":{"self":[{"href":"https:\/\/oegmw.at\/en\/wp-json\/wp\/v2\/pages\/2385","targetHints":{"allow":["GET"]}}],"collection":[{"href":"https:\/\/oegmw.at\/en\/wp-json\/wp\/v2\/pages"}],"about":[{"href":"https:\/\/oegmw.at\/en\/wp-json\/wp\/v2\/types\/page"}],"author":[{"embeddable":true,"href":"https:\/\/oegmw.at\/en\/wp-json\/wp\/v2\/users\/1"}],"replies":[{"embeddable":true,"href":"https:\/\/oegmw.at\/en\/wp-json\/wp\/v2\/comments?post=2385"}],"version-history":[{"count":1,"href":"https:\/\/oegmw.at\/en\/wp-json\/wp\/v2\/pages\/2385\/revisions"}],"predecessor-version":[{"id":2387,"href":"https:\/\/oegmw.at\/en\/wp-json\/wp\/v2\/pages\/2385\/revisions\/2387"}],"up":[{"embeddable":true,"href":"https:\/\/oegmw.at\/en\/wp-json\/wp\/v2\/pages\/19"}],"wp:attachment":[{"href":"https:\/\/oegmw.at\/en\/wp-json\/wp\/v2\/media?parent=2385"}],"curies":[{"name":"wp","href":"https:\/\/api.w.org\/{rel}","templated":true}]}}