{"id":304,"date":"2023-05-16T16:06:05","date_gmt":"2023-05-16T16:06:05","guid":{"rendered":"https:\/\/oegmw.at\/?page_id=304"},"modified":"2025-10-03T14:48:23","modified_gmt":"2025-10-03T14:48:23","slug":"weiterbildung","status":"publish","type":"page","link":"https:\/\/oegmw.at\/en\/junge-musikwissenschaft\/weiterbildung","title":{"rendered":"Weiterbildung"},"content":{"rendered":"<p>Die Junge Musikwissenschaft organisiert regelm\u00e4\u00dfig Weiterbildungen f\u00fcr Nachwuchswissenschafter:innen und jene, die es vielleicht werden m\u00f6chten. Die Bandbreite reicht dabei von handwerklichen Grundlagen des Forschens, Schreibens, Pr\u00e4sentierens und Publizierens bis hin zu Fragen der fachlichen Spezialisierung und Berufswahl. Auch liegt uns am Herzen, durch Austausch und Diskussion Br\u00fccken zwischen den unterschiedlichen Fachrichtungen zu bilden und neue Perspektiven zu schaffen.<\/p>\n\n\n\n<p>Wir planen unsere Angebote nicht zuletzt speziell daraufhin, dass Bereiche abgedeckt werden, die im Studium nicht (ausreichend) abgedeckt werden k\u00f6nnen. S\u00e4tze wie \u201eH\u00e4tte ich das doch bereits im Masterstudium gewusst\u201c oder \u201eDa fehlt mir anscheinend noch die Erfahrung\u201c sind unbedingt erw\u00fcnscht, denn wir m\u00f6chten genau diese in spezifische Weiterbildungsangebote umsetzen \u2013 und dazu brauchen wir eure Erfahrung! <\/p>\n\n\n\n<p>Ansprechperson: Thomas Wozonig | E-Mail:&nbsp;<a href=\"mailto:jumuwi@oegmw.at\">jumuwi@oegmw.at<\/a><br><\/p>\n\n\n\n<h3 class=\"wp-block-heading\">Angebote im Studienjahr 2024\/25<\/h3>\n\n\n\n<p>Die genauen Abhaltungstermine werden teilweise erst noch bekanntgegeben. Abonniere unseren <a href=\"https:\/\/oegmw.at\/en\/junge-musikwissenschaft\/team\/\">Newsletter<\/a>, um regelm\u00e4\u00dfige Updates zu unseren Angeboten zu erhalten.<\/p>\n\n\n\n<p style=\"padding-top:0;padding-bottom:0;line-height:1.5\"><strong>How to Archive?<\/strong><br>8. Mai 2025, 18:00-19:30 (online)<br>Die Arbeit mit Archiven und den von ihnen beheimateten Quellen wirkt h\u00e4ufig im ersten Moment abschreckend, entweder aufgrund der (nur scheinbar) endlosen Menge an Material oder, ganz im Gegenteil, wenn insbesondere bei kleinen Sammlungen die gewohnten. formalisierten Zugriffsm\u00f6glichkeiten zu fehlen scheinen. <br>In der Veranstaltung werden einige Grundlagen der Arbeit in und mit Archiven dargestellt, bevor Vertreter:innen mehrerer Archive Einblicke in ihrer jeweiligen Sammlungen sowie praktische Tipps &amp; Tricks pr\u00e4sentieren. <br><br>Programm (jeder Beitrag ca. 15min):<br><strong>Einf\u00fchrung \u2013<\/strong> Ph.D. Elisabeth Kappel BA MA MA (Kunstuniversit\u00e4t Graz)<br><strong>\u00d6sterreichische Nationalbibliothek \u2013<\/strong> Mag. Martin Forster<br><strong>Phonogrammarchiv Wien \u2013<\/strong> Dr.<sup>in<\/sup>phil. Christiane Fennesz-Juhasz<br><strong>Archiv der Zeitgenossen<\/strong> \u2013 Nadine Scharfetter BA MA<br><strong>Forschung und Archive in den USA<\/strong> \u2013 Mag.<sup>a<\/sup> Dr.<sup>in<\/sup> Elisabeth Reisinger BA (mdw)<br><strong>Offene Fragerunde<\/strong><\/p>\n\n\n\n<p style=\"padding-top:0;padding-bottom:0;line-height:1.5\">Die Teilnahme ist kostenlos, eine Anmeldungen unter <a href=\"mailto:jumuwi@oegmw.at\">jumuwi@oegmw.at<\/a> ist erforderlich.<\/p>\n\n\n\n<hr class=\"wp-block-separator has-alpha-channel-opacity\"\/>\n\n\n\n<p><strong>How to Abstract?<\/strong><br>6. Juni 2025, 18:00-19:00 (online)<br>Referent: Univ.Prof. Dr. Michele Calella<\/p>\n\n\n\n<p>Wie verfasse ich ein professionelles, ansprechendes und erfolgreiches Abstract? Worin unterscheiden sich Abstracts zwischen den verschiedenen Fachbereichen der Musikwissenschaft? Und welche Rolle spielen Zweck (Bewerbung vs. Zusammenfassung) und das geplante Format (Aufsatz vs. Vortrag)? <br>Der Workshop richtet sich an Studierende aller Ausbildungsstufen, die sich intensiv mit dieser grundlegenden wissenschaftlichen Textgattung besch\u00e4ftigen m\u00f6chten. Interessierte sind dabei herzlich dazu eingeladen, eigene Abstracts zuzusenden, die beim Workshop (nat\u00fcrlich anonymisiert) als Diskussionsgrundlage dienen k\u00f6nnen. Die Veranstaltung richtet sich vor allem an jene, die eine Einreichung f\u00fcr das <a href=\"https:\/\/oegmw.at\/en\/junge-musikwissenschaft\/nachwuchssymposium\/\">diesj\u00e4hrige Nachwuchssymposium der Jungen Musikwissenschaft<\/a> (Frist: 15. Juni) oder die heurige <a href=\"https:\/\/oegmw.at\/en\/junge-musikwissenschaft\/anklang\/\">Ausgabe des Studierendenmagazins AN:klang<\/a> (Frist: 31. Juli) planen und ihren Abstracts davor noch den letzten Schliff verleihen m\u00f6chten.<\/p>\n\n\n\n<p>Die Teilnahme ist kostenlos, eine Anmeldungen unter <a href=\"mailto:jumuwi@oegmw.at\">jumuwi@oegmw.at<\/a> ist erforderlich. Eigene Abstracts m\u00fcssen bis sp\u00e4testens 2. Juni an dieselbe Adresse zugeschickt werden, die Teilnahme ist aber nat\u00fcrlich auch ohne eigene Zusendung m\u00f6glich.  <\/p>\n\n\n\n<hr class=\"wp-block-separator has-alpha-channel-opacity\"\/>\n\n\n\n<p><\/p>\n\n\n\n<h2 class=\"wp-block-heading\">Aktuelles<\/h2>\n\n\n\n<h2 class=\"wp-block-heading\">&nbsp;<\/h2>\n\n\n\n<blockquote class=\"wp-block-quote is-layout-flow wp-block-quote-is-layout-flow\">\n<p><\/p>\n<\/blockquote>\n\n\n\n<h2 class=\"wp-block-heading\">Archiv<\/h2>\n\n\n\n<blockquote class=\"wp-block-quote is-layout-flow wp-block-quote-is-layout-flow\">\n<p><strong>Start der \u201eHow to Musikwissenschaft?\u201c-Reihe<\/strong><br>Die AG Weiterbildung freut sich, ihre Arbeit aufnehmen zu k\u00f6nnen, und hat f\u00fcr die kommenden Monate ein buntes Weiterbildungsprogramm geplant. Im Rahmen der Workshops im Themenkreis \u201eSchreibtechniken\u201c werden Methoden wie das \u201eClustering\u201c und \u201eFreewriting\u201c in zwei anderthalbst\u00fcndigen Workshops abgehalten. Im Rahmen der Reihe \u201eHow to Musikwissenschaft?\u201c sollen gegen Ende des Sommersemesters die Themen \u201ePublikationsstrategien in der historischen Musikwissenschaft\u201c und \u201eMobilit\u00e4t und Forschung\u201c vorgestellt werden. Im Anschluss an den Workshop organisiert die AG Vernetzung einen virtuellen Stammtisch, zu welchem wir eine herzliche Einladung aussprechen m\u00f6chten!<\/p>\n<\/blockquote>\n\n\n\n<blockquote class=\"wp-block-quote is-layout-flow wp-block-quote-is-layout-flow\">\n<p><strong>\u201eHow to Schreibtechniken?\u201c: Clustering<br><\/strong>DO, 11.03.2021, 16:00\u201317:30 Uhr, Zoom<\/p>\n<\/blockquote>\n\n\n\n<blockquote class=\"wp-block-quote is-layout-flow wp-block-quote-is-layout-flow\">\n<p><strong>\u201eHow to Mobilit\u00e4t &amp; Forschung?\u201c<\/strong><br>DO, 10.06.2021, 19:00 Uhr, Zoom<br>Zusammenfassende Unterlagen:&nbsp;<a href=\"https:\/\/www.musau.org\/assets\/Uploads\/OEGMW\/JuMuWi\/2021-06-Mobilitaet-Forschung-Praesentation.pdf\">Hier<\/a>&nbsp;sind die Pr\u00e4sentationen und&nbsp;<a href=\"https:\/\/www.musau.org\/assets\/Uploads\/OEGMW\/JuMuWi\/2021-06-Mobilitaet-Forschung-Linksammlung.pdf\">hier<\/a>&nbsp;die Linksammlung von Barbara Babi\u0107 und Elisabeth Reisinger zu finden.<\/p>\n<\/blockquote>\n\n\n\n<blockquote class=\"wp-block-quote is-layout-flow wp-block-quote-is-layout-flow\">\n<p><strong>\u201eHow to Schreibtechniken?\u201c: Freewriting<\/strong><br>DO, 17.06.2021, 18:00\u201319:30 Uhr, Zoom<\/p>\n<\/blockquote>","protected":false},"excerpt":{"rendered":"<p>Die Junge Musikwissenschaft organisiert regelm\u00e4\u00dfig Weiterbildungen f\u00fcr Nachwuchswissenschafter:innen und jene, die es vielleicht werden m\u00f6chten. Die Bandbreite reicht dabei von handwerklichen Grundlagen des Forschens, Schreibens, Pr\u00e4sentierens und Publizierens bis hin [&hellip;]<\/p>\n","protected":false},"author":1,"featured_media":0,"parent":18,"menu_order":0,"comment_status":"closed","ping_status":"closed","template":"","meta":{"site-sidebar-layout":"default","site-content-layout":"","ast-site-content-layout":"default","site-content-style":"default","site-sidebar-style":"default","ast-global-header-display":"","ast-banner-title-visibility":"","ast-main-header-display":"","ast-hfb-above-header-display":"","ast-hfb-below-header-display":"","ast-hfb-mobile-header-display":"","site-post-title":"","ast-breadcrumbs-content":"","ast-featured-img":"","footer-sml-layout":"","ast-disable-related-posts":"","theme-transparent-header-meta":"","adv-header-id-meta":"","stick-header-meta":"","header-above-stick-meta":"","header-main-stick-meta":"","header-below-stick-meta":"","astra-migrate-meta-layouts":"set","ast-page-background-enabled":"default","ast-page-background-meta":{"desktop":{"background-color":"var(--ast-global-color-4)","background-image":"","background-repeat":"repeat","background-position":"center center","background-size":"auto","background-attachment":"scroll","background-type":"","background-media":"","overlay-type":"","overlay-color":"","overlay-opacity":"","overlay-gradient":""},"tablet":{"background-color":"","background-image":"","background-repeat":"repeat","background-position":"center center","background-size":"auto","background-attachment":"scroll","background-type":"","background-media":"","overlay-type":"","overlay-color":"","overlay-opacity":"","overlay-gradient":""},"mobile":{"background-color":"","background-image":"","background-repeat":"repeat","background-position":"center center","background-size":"auto","background-attachment":"scroll","background-type":"","background-media":"","overlay-type":"","overlay-color":"","overlay-opacity":"","overlay-gradient":""}},"ast-content-background-meta":{"desktop":{"background-color":"var(--ast-global-color-5)","background-image":"","background-repeat":"repeat","background-position":"center center","background-size":"auto","background-attachment":"scroll","background-type":"","background-media":"","overlay-type":"","overlay-color":"","overlay-opacity":"","overlay-gradient":""},"tablet":{"background-color":"var(--ast-global-color-5)","background-image":"","background-repeat":"repeat","background-position":"center center","background-size":"auto","background-attachment":"scroll","background-type":"","background-media":"","overlay-type":"","overlay-color":"","overlay-opacity":"","overlay-gradient":""},"mobile":{"background-color":"var(--ast-global-color-5)","background-image":"","background-repeat":"repeat","background-position":"center center","background-size":"auto","background-attachment":"scroll","background-type":"","background-media":"","overlay-type":"","overlay-color":"","overlay-opacity":"","overlay-gradient":""}},"footnotes":""},"class_list":["post-304","page","type-page","status-publish","hentry"],"_links":{"self":[{"href":"https:\/\/oegmw.at\/en\/wp-json\/wp\/v2\/pages\/304","targetHints":{"allow":["GET"]}}],"collection":[{"href":"https:\/\/oegmw.at\/en\/wp-json\/wp\/v2\/pages"}],"about":[{"href":"https:\/\/oegmw.at\/en\/wp-json\/wp\/v2\/types\/page"}],"author":[{"embeddable":true,"href":"https:\/\/oegmw.at\/en\/wp-json\/wp\/v2\/users\/1"}],"replies":[{"embeddable":true,"href":"https:\/\/oegmw.at\/en\/wp-json\/wp\/v2\/comments?post=304"}],"version-history":[{"count":14,"href":"https:\/\/oegmw.at\/en\/wp-json\/wp\/v2\/pages\/304\/revisions"}],"predecessor-version":[{"id":1982,"href":"https:\/\/oegmw.at\/en\/wp-json\/wp\/v2\/pages\/304\/revisions\/1982"}],"up":[{"embeddable":true,"href":"https:\/\/oegmw.at\/en\/wp-json\/wp\/v2\/pages\/18"}],"wp:attachment":[{"href":"https:\/\/oegmw.at\/en\/wp-json\/wp\/v2\/media?parent=304"}],"curies":[{"name":"wp","href":"https:\/\/api.w.org\/{rel}","templated":true}]}}