{"id":306,"date":"2023-05-16T16:06:37","date_gmt":"2023-05-16T16:06:37","guid":{"rendered":"https:\/\/oegmw.at\/?page_id=306"},"modified":"2025-11-10T18:17:08","modified_gmt":"2025-11-10T17:17:08","slug":"nachwuchssymposium","status":"publish","type":"page","link":"https:\/\/oegmw.at\/en\/junge-musikwissenschaft\/nachwuchssymposium","title":{"rendered":"Nachwuchssymposium"},"content":{"rendered":"<p>Im Rahmen des Symposiums der Jungen Musikwissenschaft erhalten Studierende und Promovierende an \u00f6sterreichischen Universit\u00e4ten die Gelegenheit, ihre laufenden Arbeiten in Vortr\u00e4gen und Posterpr\u00e4sentationen vorzustellen und mit Fachkolleg:innen zu diskutieren. Es versteht sich dementsprechend als Plattform f\u00fcr den Austausch \u00fcber aktuelle musikwissenschaftliche Forschungsthemen und dient in besonderem Ma\u00dfe der F\u00f6rderung und Vernetzung der Studierenden des Fachs Musikwissenschaft in \u00d6sterreich.<\/p>\n\n\n\n<p>Das Symposium findet stets im Rahmen der <a href=\"https:\/\/oegmw.at\/en\/jahrestagung\/\">Jahrestagungen<\/a> der \u00d6sterreichischen Gesellschaft f\u00fcr Musikwissenschaft statt; die Einbettung des Nachwuchses in den professionellen Forschungsbetrieb und der Austausch mit etablierten Musikwissenschafter:innen stellt somit eine wesentliche Eigenheit der Veranstaltung dar.  <\/p>\n\n\n\n<p>Ansprechpersonen: Cornelia Picej und Thomas Wozonig | E-Mail:&nbsp;<a href=\"mailto:jumuwi@oegmw.at\">jumuwi@oegmw.at<\/a><\/p>\n\n\n\n<h3 class=\"wp-block-heading\" id=\"Aktuelles\" style=\"margin-top:var(--wp--preset--spacing--70)\">Aktuelles<\/h3>\n\n\n\n<p>Das n\u00e4chste Nachwuchssymposium der Jungen Musikwissenschaft findet am <strong>14. November 2025<\/strong> an der Anton Bruckner Privatuniversit\u00e4t Linz statt. <\/p>\n\n\n\n<p><a href=\"https:\/\/oegmw.at\/en\/junge-musikwissenschaft\/nachwuchssymposium\/sym-2025\/\" data-type=\"link\" data-id=\"https:\/\/oegmw.at\/junge-musikwissenschaft\/nachwuchssymposium\/sym-2025\"><strong>\ud83e\uddfe Programm und Abstracts des Nachwuchssymposiums 2025<\/strong><\/a><\/p>\n\n\n\n<p>Das letzte Symposium der Jungen Musikwissenschaft hat am <strong>18. Oktober 2024<\/strong>\u00a0an der Universit\u00e4t Mozarteum Salzburg stattgefunden. Das Programm und Teile der Beitr\u00e4ge k\u00f6nnen hier eingesehen werden: <a href=\"https:\/\/oegmw.at\/en\/junge-musikwissenschaft\/nachwuchssymposium\/sym-2024\/\">Programm des JuMuWi-Symposium 2024<\/a><\/p>\n\n\n\n<h3 class=\"wp-block-heading\" style=\"margin-top:var(--wp--preset--spacing--70)\">Calls for Papers, Bewerbung, Teilnahme<\/h3>\n\n\n\n<p>Bearbeitest Du gerade selbst ein spannendes Thema etwa in einer Seminar- oder Abschlussarbeit, das Du \u00f6ffentlich vorstellen und mit Deiner Community diskutieren m\u00f6chtest? Dann bewirb&#8216; Dich doch mit einem Vortrag oder einem Poster f\u00fcr das Symposium der Jungen Musikwissenschaft! <\/p>\n\n\n\n<p>Unverbindliche Vorschl\u00e4ge und unverbindliche Anfragen k\u00f6nnen das ganze Jahr hindurch an <a href=\"mailto:jumuwi@oegmw.at\">jumuwi@oegmw.at<\/a> gestellt werden. Abonniere auch unseren <a href=\"https:\/\/oegmw.at\/en\/junge-musikwissenschaft\/team\/\">Newsletter<\/a>, um keine Ausschreibung und kein Update mehr zu verpassen!<\/p>\n\n\n\n<p><strong>Teilnahmekriterien:<\/strong><\/p>\n\n\n\n<ul class=\"wp-block-list\">\n<li>Aktuelles Musikwissenschaftsstudium an einer \u00f6sterreichischen Universit\u00e4t oder innerhalb der vergangenen 24 Monate (Postdocs, Studienortswechsel o.\u00e4.)<\/li>\n\n\n\n<li>Aktuelles Studium einer anderen musikbezogenen Studienrichtung (z. B. Komposition\/Musiktheorie, Musikp\u00e4dagogik etc.) innerhalb \u00d6sterreichs, sofern eine <a href=\"https:\/\/oegmw.at\/en\/mitgliedschaft\/\">\u00d6GMw-Mitgliedschaft<\/a> gegeben ist.<\/li>\n\n\n\n<li>Wiederholte Bewerbungen f\u00fcr aufeinanderfolgende Symposien sind grunds\u00e4tzlich m\u00f6glich, ggf. kommt es jedoch bei der Auswahl zur Nachreihung hinter Erstbewerber:innen.<\/li>\n<\/ul>\n\n\n\n<p>Reise- und N\u00e4chtigungskosten der Referent:innen und Poster-Pr\u00e4sentierenden werden grunds\u00e4tzlich durch die \u00d6GMw \u00fcbernommen. Auch im Falle einer passiven Teilnahme (ohne eigenen Beitrag) k\u00f6nnen Reise- und N\u00e4chtigungskosten durch die \u00d6GMw \u00fcbernommen werden. Fragen hierzu richtet ihr gerne an <a href=\"mailto:jumuwi@oegmw.at\">jumuwi@oegmw.at<\/a>.<\/p>\n\n\n\n<p>Den vergangenen Call f\u00fcr das Nachwuchssymposium 2025 findest Du hier zum Nachlesen: <a href=\"https:\/\/oegmw.at\/wp-content\/uploads\/2025\/06\/CfP_JuMuWi_2025_verlaengert.pdf\"><strong>Call for Papers Nachwuchssymposium 2025<\/strong><\/a> (deutsch) und <a href=\"https:\/\/oegmw.at\/wp-content\/uploads\/2025\/06\/CfP_JuMuWi_2025_verlaengert.pdf\"><strong>Call for Papers Nachwuchssymposium 2025<\/strong><\/a> (englisch).<\/p>\n\n\n\n<h3 class=\"wp-block-heading\" style=\"margin-top:var(--wp--preset--spacing--70);margin-bottom:var(--wp--preset--spacing--30)\">Dokumente f\u00fcr Referent:innen<\/h3>\n\n\n\n<p><a href=\"https:\/\/oegmw.at\/wp-content\/uploads\/2024\/09\/JuMuWi_Infoblatt_Vortraege_2024-09-26-1.pdf\" target=\"_blank\" rel=\"noreferrer noopener\">Infoblatt f\u00fcr Vortr\u00e4ge<\/a><\/p>\n\n\n\n<p><a href=\"https:\/\/oegmw.at\/wp-content\/uploads\/2024\/09\/JuMuWi_Infoblatt_Poster_2024-09-27.pdf\">Infoblatt f\u00fcr Posterpr\u00e4sentationen<\/a><\/p>\n\n\n\n<p><a href=\"https:\/\/oegmw.at\/wp-content\/uploads\/2024\/09\/JuMuWi_Posterguide_2024-09-26-1.pptx\">Vorlage Poster<\/a><\/p>\n\n\n\n<h3 class=\"wp-block-heading\" style=\"margin-top:var(--wp--preset--spacing--70)\">Archiv<\/h3>\n\n\n\n<p><a href=\"https:\/\/oegmw.at\/en\/junge-musikwissenschaft\/nachwuchssymposium\/sym-2024\/\">Symposium der Jungen Musikwissenschaft 2024 (Salzburg)<\/a><\/p>\n\n\n\n<p><a href=\"https:\/\/oegmw.at\/en\/junge-musikwissenschaft\/nachwuchssymposium\/sym-2023\/\">Symposium der Jungen Musikwissenschaft 2023 (Klagenfurt)<\/a><\/p>\n\n\n\n<p><a href=\"https:\/\/www.musau.org\/assets\/Uploads\/Book-of-Abstracts-Komplett.pdf\">Symposium der Jungen Musikwissenschaft 2022 (Wien) (nur Programmbuch)<\/a><\/p>\n\n\n\n<p><a href=\"https:\/\/www.musau.org\/assets\/Uploads\/OeGMW2021-Abstractbook-final-1.pdf\">Symposium der Jungen Musikwissenschaft 2021 (Graz)  (nur Programmbuch)<\/a><\/p>\n\n\n\n<p><a href=\"https:\/\/www.musau.org\/assets\/Uploads\/OEGMW\/JuMuWi\/Tagung\/2019-OeGMW-Programm.pdf\">Symposium der Jungen Musikwissenschaft 2019 (Innsbruck) (nur Programmbuch)<\/a><\/p>\n\n\n\n<p><a href=\"https:\/\/www.musau.org\/assets\/Uploads\/OEGMW\/Abstract-Heft-IKM-Jahrestagung-OeGMw-V20-11-20181.pdf\">Symposium der Jungen Musikwissenschaft 2018 (Wien) (nur Programmbuch)<\/a><\/p>\n\n\n\n<p><a href=\"https:\/\/www.musau.org\/assets\/Uploads\/OEGMW\/2017-11JuMuProg.pdf\">Symposium der Jungen Musikwissenschaft 2017 (Wien) (nur Programmbuch)<\/a><\/p>\n\n\n\n<p><a href=\"https:\/\/www.musau.org\/assets\/Uploads\/OEGMW\/2016-10-06-abstracts.pdf\">Symposium der Jungen Musikwissenschaft 2016 (Salzburg) (nur Programmbuch)<\/a><\/p>\n\n\n\n<p><a href=\"https:\/\/www.musau.org\/assets\/Uploads\/OEGMW\/2015-11-19-programm2.pdf\">Symposium der Jungen Musikwissenschaft 2015 (Graz) (nur Programmbuch)<\/a><\/p>\n\n\n\n<p><a href=\"https:\/\/www.musau.org\/assets\/Uploads\/OEGMW\/2014-10-16-programm2.pdf\">Symposium der Jungen Musikwissenschaft 2014 (Klagenfurt) (nur Programmbuch)<\/a><\/p>\n\n\n\n<p>Symposium der Jungen Musikwissenschaft 2013 (Wien)<\/p>\n\n\n\n<p><a href=\"https:\/\/www.musau.org\/assets\/Uploads\/OEGMW\/2012-11-24-programm2.pdf\">Symposium der Jungen Musikwissenschaft 2012 (Innsbruck) (nur Programmbuch)<\/a><\/p>\n\n\n\n<p><a href=\"https:\/\/www.musau.org\/assets\/Uploads\/OEGMW\/JuMuWi\/Tagung\/2011-JuMuWi-Programm.pdf\">Symposium der Jungen Musikwissenschaft 2011 (Wien) (nur Programmbuch)<\/a><\/p>\n\n\n\n<p><a href=\"https:\/\/www.musau.org\/assets\/Uploads\/OEGMW\/JuMuWi\/Tagung\/2010-JuMuWi-Programm.pdf\">Symposium der Jungen Musikwissenschaft 2010 (Salzburg) (nur Programmbuch)<\/a><\/p>\n\n\n\n<p><a href=\"https:\/\/www.musau.org\/assets\/Uploads\/OEGMW\/JuMuWi\/Tagung\/2009-JuMuWi-Programm.pdf\">Symposium der Jungen Musikwissenschaft 2009 (Graz) (nur Programmbuch)<\/a><\/p>","protected":false},"excerpt":{"rendered":"<p>Im Rahmen des Symposiums der Jungen Musikwissenschaft erhalten Studierende und Promovierende an \u00f6sterreichischen Universit\u00e4ten die Gelegenheit, ihre laufenden Arbeiten in Vortr\u00e4gen und Posterpr\u00e4sentationen vorzustellen und mit Fachkolleg:innen zu diskutieren. Es [&hellip;]<\/p>\n","protected":false},"author":1,"featured_media":0,"parent":18,"menu_order":0,"comment_status":"closed","ping_status":"closed","template":"","meta":{"site-sidebar-layout":"default","site-content-layout":"","ast-site-content-layout":"default","site-content-style":"default","site-sidebar-style":"default","ast-global-header-display":"","ast-banner-title-visibility":"","ast-main-header-display":"","ast-hfb-above-header-display":"","ast-hfb-below-header-display":"","ast-hfb-mobile-header-display":"","site-post-title":"","ast-breadcrumbs-content":"","ast-featured-img":"","footer-sml-layout":"","ast-disable-related-posts":"","theme-transparent-header-meta":"","adv-header-id-meta":"","stick-header-meta":"","header-above-stick-meta":"","header-main-stick-meta":"","header-below-stick-meta":"","astra-migrate-meta-layouts":"set","ast-page-background-enabled":"default","ast-page-background-meta":{"desktop":{"background-color":"var(--ast-global-color-4)","background-image":"","background-repeat":"repeat","background-position":"center center","background-size":"auto","background-attachment":"scroll","background-type":"","background-media":"","overlay-type":"","overlay-color":"","overlay-opacity":"","overlay-gradient":""},"tablet":{"background-color":"","background-image":"","background-repeat":"repeat","background-position":"center center","background-size":"auto","background-attachment":"scroll","background-type":"","background-media":"","overlay-type":"","overlay-color":"","overlay-opacity":"","overlay-gradient":""},"mobile":{"background-color":"","background-image":"","background-repeat":"repeat","background-position":"center center","background-size":"auto","background-attachment":"scroll","background-type":"","background-media":"","overlay-type":"","overlay-color":"","overlay-opacity":"","overlay-gradient":""}},"ast-content-background-meta":{"desktop":{"background-color":"var(--ast-global-color-5)","background-image":"","background-repeat":"repeat","background-position":"center center","background-size":"auto","background-attachment":"scroll","background-type":"","background-media":"","overlay-type":"","overlay-color":"","overlay-opacity":"","overlay-gradient":""},"tablet":{"background-color":"var(--ast-global-color-5)","background-image":"","background-repeat":"repeat","background-position":"center center","background-size":"auto","background-attachment":"scroll","background-type":"","background-media":"","overlay-type":"","overlay-color":"","overlay-opacity":"","overlay-gradient":""},"mobile":{"background-color":"var(--ast-global-color-5)","background-image":"","background-repeat":"repeat","background-position":"center center","background-size":"auto","background-attachment":"scroll","background-type":"","background-media":"","overlay-type":"","overlay-color":"","overlay-opacity":"","overlay-gradient":""}},"footnotes":""},"class_list":["post-306","page","type-page","status-publish","hentry"],"_links":{"self":[{"href":"https:\/\/oegmw.at\/en\/wp-json\/wp\/v2\/pages\/306","targetHints":{"allow":["GET"]}}],"collection":[{"href":"https:\/\/oegmw.at\/en\/wp-json\/wp\/v2\/pages"}],"about":[{"href":"https:\/\/oegmw.at\/en\/wp-json\/wp\/v2\/types\/page"}],"author":[{"embeddable":true,"href":"https:\/\/oegmw.at\/en\/wp-json\/wp\/v2\/users\/1"}],"replies":[{"embeddable":true,"href":"https:\/\/oegmw.at\/en\/wp-json\/wp\/v2\/comments?post=306"}],"version-history":[{"count":45,"href":"https:\/\/oegmw.at\/en\/wp-json\/wp\/v2\/pages\/306\/revisions"}],"predecessor-version":[{"id":2117,"href":"https:\/\/oegmw.at\/en\/wp-json\/wp\/v2\/pages\/306\/revisions\/2117"}],"up":[{"embeddable":true,"href":"https:\/\/oegmw.at\/en\/wp-json\/wp\/v2\/pages\/18"}],"wp:attachment":[{"href":"https:\/\/oegmw.at\/en\/wp-json\/wp\/v2\/media?parent=306"}],"curies":[{"name":"wp","href":"https:\/\/api.w.org\/{rel}","templated":true}]}}