{"id":310,"date":"2023-05-16T16:07:22","date_gmt":"2023-05-16T16:07:22","guid":{"rendered":"https:\/\/oegmw.at\/?page_id=310"},"modified":"2025-03-01T16:27:58","modified_gmt":"2025-03-01T16:27:58","slug":"vernetzung","status":"publish","type":"page","link":"https:\/\/oegmw.at\/en\/junge-musikwissenschaft\/vernetzung","title":{"rendered":"Vernetzung"},"content":{"rendered":"<p>Die AG Vernetzung hat sich es sich zur Aufgabe gemacht, den Boden f\u00fcr ein f\u00e4cher- und qualifikationsstufen\u00fcbergreifendes Kennenlernen und Vernetzen zu schaffen. Dieser Austausch soll unkompliziert, interdisziplin\u00e4r und (bundes-)l\u00e4nder\u00fcbergreifend stattfinden. Mit unserem Angebot m\u00f6chten wir besonders junge Nachwuchswissenschaftler:innen ermuntern, die Angebote der \u00d6GMw zu nutzen und sich auch aktiv einzubringen.<\/p>\n\n\n\n<p>Ansprechperson: Jette Engelke | E-Mail:&nbsp;<a href=\"mailto:jumuwi@oegmw.at\">jumuwi@oegmw.at<\/a><\/p>\n\n\n\n<h3 class=\"wp-block-heading\" id=\"JuMuWi SchreibTag\" style=\"margin-top:var(--wp--preset--spacing--70)\">JuMuWi SchreibSessions<\/h3>\n\n\n\n<p>Keine Zeit zum Schreiben? Oder einfach keine Lust, allein vor Monitor und Tastatur zu sitzen? Fehlt dir die Motivation oder die Kommunikation mit anderen? Oder stehst du vielleicht \u00f6fter auf dem Schlauch und wei\u00dft nicht, wo du beginnen oder wie du fortfahren sollst? <\/p>\n\n\n\n<p>Die JuMuWi bietet Studierenden und Promovierenden der Musikwissenschaften ein virtuelles Schreibforum, um sich ihren pers\u00f6nlichen Schreibprojekten \u2013 vom Studierendenreferat bis zum Conference Paper, von der Seminararbeit bis zur Dissertation \u2013 zu widmen und sich zugleich auszutauschen und zu vernetzen:<\/p>\n\n\n\n<h4 class=\"wp-block-heading\">Freitag ist SchreibTag<\/h4>\n\n\n\n<p>Achtung: Dieses Format pausiert vorerst. Gern nehmen wir aber W\u00fcnsche f\u00fcr ein- oder mehrt\u00e4gige SchreibSessions (idealerweise am Wochenende) entgegen: <a href=\"mailto:jumuwi@oegmw.at\">jumuwi@oegmw.at<\/a>.<\/p>\n\n\n\n<h4 class=\"wp-block-heading\">DiDo SchreibSoir\u00e9e<\/h4>\n\n\n\n<p>Getreu dem Motto &#8222;Durch Regelm\u00e4\u00dfigkeit zur Schreibroutine&#8220; treffen wir uns jeden Dienstag und Donnerstag ab 18 Uhr online, um an unseren pers\u00f6nlichen Schreibprojekten dranzubleiben. Ob Vortrag, Aufsatz, Abschlussarbeit oder Forschungsantrag \u2013 sei dabei und melde dich ganz unkompliziert und unverbindlich unter <a href=\"mailto:jumuwi@oegmw.at\">jumuwi@oegmw.at<\/a> an, um den Zugangslink zum Meetingraum zu erhalten. <\/p>\n\n\n\n<p>Auch kannst du vorbeischauen, wenn du nur ein St\u00fcndchen Zeit hast oder eine kurze Beratung brauchst. Bei Bedarf k\u00f6nnen zudem Break-out-Rooms f\u00fcr Gruppenbesprechungen oder Schreibberatungen (mit Tipps von der Recherche bis zum Lektorat) genutzt werden. <\/p>\n\n\n\n<p>Auftakt: 01.04.2025 | 18\u201321 Uhr<\/p>\n\n\n\n<p>JuMuWi SpringBreak: 01.03.\u221231.03.2025 (Hier lassen wir die Stifte und Tastaturen ruhen \u2026)<\/p>\n\n\n\n<h3 class=\"wp-block-heading\" id=\"JuMuWiStammTisch\" style=\"margin-top:var(--wp--preset--spacing--70)\">Externe Links<\/h3>\n\n\n\n<p><a href=\"https:\/\/sites.google.com\/site\/sysmusconference\" target=\"_blank\" rel=\"noreferrer noopener\">Tagungsreihe SysMus<\/a>&nbsp;\u2013 Internationale Konferenz von Studierenden der Systematischen Musikwissenschaft<\/p>\n\n\n\n<p><a href=\"https:\/\/dvsm-verband.de\/\" target=\"_blank\" rel=\"noreferrer noopener\">DVSM e.V.<\/a>&nbsp;Dachverband der Studierenden der Musikwissenschaften<\/p>\n\n\n\n<p><a href=\"https:\/\/nachwuchsperspektiven.wordpress.com\/\" target=\"_blank\" rel=\"noreferrer noopener\">Homepage<\/a>&nbsp;der Fachgruppe Nachwuchsperspektiven der Gesellschaft f\u00fcr Musikforschung (GfM)<\/p>\n\n\n\n<p><a href=\"https:\/\/www.gmth.de\/home.aspx\">Homepage<\/a> der Gesellschaft f\u00fcr Musiktheorie, die auch in \u00d6sterreich aktiv ist und verschiedene Veranstaltungs- und F\u00f6rderangebote f\u00fcr Studierende betreibt.<\/p>\n\n\n\n<h3 class=\"wp-block-heading\" style=\"margin-top:var(--wp--preset--spacing--70)\">Archiv<\/h3>\n\n\n\n<h4 class=\"wp-block-heading\">1. Schreibmarathon der Jungen Musikwissenschaft<\/h4>\n\n\n\n<p>Vom&nbsp;5. bis 9. Feber 2024 hat die Junge Musikwissenschaft zum 1. musikwissenschaftlichen Online-Schreibmarathon eingeladen. T\u00e4glich von 10 bis 13 Uhr und von 18 bis 21 Uhr haben sich Studierende und Promovierende zum gemeinsamen Schreiben getroffen und an ihren Seminar-, Abschluss- und Qualifikationsarbeiten gewerkelt. Der n\u00e4chste Schreibmarathon findet voraussichtlich im Sommer 2024 statt. Ideen und Anregungen k\u00f6nnt ihr uns jederzeit per E-Mail zukommen lassen!&nbsp;<\/p>","protected":false},"excerpt":{"rendered":"<p>Die AG Vernetzung hat sich es sich zur Aufgabe gemacht, den Boden f\u00fcr ein f\u00e4cher- und qualifikationsstufen\u00fcbergreifendes Kennenlernen und Vernetzen zu schaffen. Dieser Austausch soll unkompliziert, interdisziplin\u00e4r und (bundes-)l\u00e4nder\u00fcbergreifend stattfinden. [&hellip;]<\/p>\n","protected":false},"author":1,"featured_media":0,"parent":18,"menu_order":0,"comment_status":"closed","ping_status":"closed","template":"","meta":{"site-sidebar-layout":"default","site-content-layout":"","ast-site-content-layout":"default","site-content-style":"default","site-sidebar-style":"default","ast-global-header-display":"","ast-banner-title-visibility":"","ast-main-header-display":"","ast-hfb-above-header-display":"","ast-hfb-below-header-display":"","ast-hfb-mobile-header-display":"","site-post-title":"","ast-breadcrumbs-content":"","ast-featured-img":"","footer-sml-layout":"","ast-disable-related-posts":"","theme-transparent-header-meta":"","adv-header-id-meta":"","stick-header-meta":"","header-above-stick-meta":"","header-main-stick-meta":"","header-below-stick-meta":"","astra-migrate-meta-layouts":"set","ast-page-background-enabled":"default","ast-page-background-meta":{"desktop":{"background-color":"var(--ast-global-color-4)","background-image":"","background-repeat":"repeat","background-position":"center center","background-size":"auto","background-attachment":"scroll","background-type":"","background-media":"","overlay-type":"","overlay-color":"","overlay-opacity":"","overlay-gradient":""},"tablet":{"background-color":"","background-image":"","background-repeat":"repeat","background-position":"center center","background-size":"auto","background-attachment":"scroll","background-type":"","background-media":"","overlay-type":"","overlay-color":"","overlay-opacity":"","overlay-gradient":""},"mobile":{"background-color":"","background-image":"","background-repeat":"repeat","background-position":"center center","background-size":"auto","background-attachment":"scroll","background-type":"","background-media":"","overlay-type":"","overlay-color":"","overlay-opacity":"","overlay-gradient":""}},"ast-content-background-meta":{"desktop":{"background-color":"var(--ast-global-color-5)","background-image":"","background-repeat":"repeat","background-position":"center center","background-size":"auto","background-attachment":"scroll","background-type":"","background-media":"","overlay-type":"","overlay-color":"","overlay-opacity":"","overlay-gradient":""},"tablet":{"background-color":"var(--ast-global-color-5)","background-image":"","background-repeat":"repeat","background-position":"center center","background-size":"auto","background-attachment":"scroll","background-type":"","background-media":"","overlay-type":"","overlay-color":"","overlay-opacity":"","overlay-gradient":""},"mobile":{"background-color":"var(--ast-global-color-5)","background-image":"","background-repeat":"repeat","background-position":"center center","background-size":"auto","background-attachment":"scroll","background-type":"","background-media":"","overlay-type":"","overlay-color":"","overlay-opacity":"","overlay-gradient":""}},"footnotes":""},"class_list":["post-310","page","type-page","status-publish","hentry"],"_links":{"self":[{"href":"https:\/\/oegmw.at\/en\/wp-json\/wp\/v2\/pages\/310","targetHints":{"allow":["GET"]}}],"collection":[{"href":"https:\/\/oegmw.at\/en\/wp-json\/wp\/v2\/pages"}],"about":[{"href":"https:\/\/oegmw.at\/en\/wp-json\/wp\/v2\/types\/page"}],"author":[{"embeddable":true,"href":"https:\/\/oegmw.at\/en\/wp-json\/wp\/v2\/users\/1"}],"replies":[{"embeddable":true,"href":"https:\/\/oegmw.at\/en\/wp-json\/wp\/v2\/comments?post=310"}],"version-history":[{"count":26,"href":"https:\/\/oegmw.at\/en\/wp-json\/wp\/v2\/pages\/310\/revisions"}],"predecessor-version":[{"id":1795,"href":"https:\/\/oegmw.at\/en\/wp-json\/wp\/v2\/pages\/310\/revisions\/1795"}],"up":[{"embeddable":true,"href":"https:\/\/oegmw.at\/en\/wp-json\/wp\/v2\/pages\/18"}],"wp:attachment":[{"href":"https:\/\/oegmw.at\/en\/wp-json\/wp\/v2\/media?parent=310"}],"curies":[{"name":"wp","href":"https:\/\/api.w.org\/{rel}","templated":true}]}}