{"id":362,"date":"2023-05-26T11:52:37","date_gmt":"2023-05-26T11:52:37","guid":{"rendered":"https:\/\/oegmw.at\/?page_id=362"},"modified":"2025-12-09T23:08:54","modified_gmt":"2025-12-09T22:08:54","slug":"abschlussarbeiten","status":"publish","type":"page","link":"https:\/\/oegmw.at\/en\/junge-musikwissenschaft\/abschlussarbeiten","title":{"rendered":"Abschlussarbeiten"},"content":{"rendered":"<p>Nicht nur Dissertationen, auch Bachelor- und Masterarbeiten stellen h\u00e4ufig substanzielle Forschungsleistungen dar, die \u00fcber den reinen Nachweis der Bef\u00e4higung zum wissenschaftlichen Arbeiten hinausgehen. Auch spiegeln Abschlussarbeiten h\u00e4ufig aktuelle Standards, Trends und Desiderate der Musikwissenschaft wider oder betonen lokale\/institutionelle Schwerpunkte. Daher m\u00f6chte die \u00d6GMw \u00fcber die Erfassung von Abschlussarbeiten, die an einer \u00f6sterreichischen Universit\u00e4t verfasst wurden, die Forschungsleistungen von Studierenden sichtbar machen sowie die Vernetzung zwischen ihnen f\u00f6rdern. <br><br>Studierende k\u00f6nnen Angaben zu ihrer aktuellen oder k\u00fcrzlich abgeschlossenen Arbeit sowie Kontaktm\u00f6glichkeiten jederzeit per E-Mail an <a href=\"mailto:jumuwi@oegmw.at\">jumuwi@oegmw.at<\/a> ver\u00f6ffentlichen lassen. F\u00fcr Rechtm\u00e4\u00dfigkeit und Richtigkeit der Angaben \u00fcbernimmt die \u00d6GMw keine Haftung.<br><\/p>\n\n\n\n<h3 class=\"wp-block-heading\">BA-Arbeiten<\/h3>\n\n\n\n<h3 class=\"wp-block-heading\">MA-Arbeiten<\/h3>\n\n\n\n<p><strong>Klangvolle Reform: Salomon Sulzers Einfluss auf die liturgische und musikalische Praxis der j\u00fcdischen Gemeinden in \u00d6sterreich<\/strong><br>Bernhard Kathrein-Wieser (kathrein.wieser.b@gmail.com)<br>Betreuende Universit\u00e4t: Universit\u00e4t Innsbruck, Institut f\u00fcr Musikwissenschaft (Betreuerin: Dr. Milijana Pavlovic)<br>Abschluss (geplant): Herbst 2026<\/p>\n\n\n\n<h3 class=\"wp-block-heading\">Dissertationen<\/h3>\n\n\n\n<p><strong>Georg Kirsta in England. Merkmale der Emigration, kultureller Interaktion und politischem Engagement in den Werken von 1937 bis 1955<\/strong><br>Christoph Muth (christoph.muth@plus.ac.at)<br>Betreuende Universit\u00e4t: Paris-Lodron Universit\u00e4t Salzburg (Hauptbetreuer: Univ.-Prof. Dr. Nils Grosch)<br>Abschluss (geplant): 2027\/28<\/p>\n\n\n\n<p><strong>Henriette Sontag: B\u00fchne \u2013 Ehe \u2013 Familie. <\/strong><br>Stefanie Liang (s.liang@kug.ac.at) <br>Betreuende Universit\u00e4t: Kunstuniversit\u00e4t Graz (Hauptbetreuerin: Univ.Prof.<sup>in<\/sup> Dr.<sup>in<\/sup> Nicole K. Strohmann)<br>Abschluss (geplant): 2027\/28<\/p>\n\n\n\n<p><strong>Musikkulturen in der doppelten Transformationsgesellschaft. Zur Rolle ostpreu\u00dfischer Vertriebener in Deutschland 1943 bis 1961<\/strong><br>Josephina Str\u00f6\u00dfner (josephina_rita.stroessner@stud.moz.ac.at)<br>Betreuende Universit\u00e4t: Universit\u00e4t Mozarteum Salzburg (Hauptbetreuerin: O.Univ.Prof.<sup>in<\/sup> Dr.<sup>in<\/sup>phil. Yvonne Wasserloos MA)<br>Abschluss (geplant): 2026<\/p>\n\n\n\n<p><strong>Herbert von Karajan als Interpret der Orchesterwerke von Jean Sibelius<\/strong><br>Thomas Wozonig (twozonig@gmail.com)<br>Betreuende Universit\u00e4t: Kunstuniversit\u00e4t Graz (Hauptbetreuer: O.Univ.Prof. Dr.phil. Peter Revers)<br>Abschluss (geplant): Sommer 2026<\/p>\n\n\n\n<p><strong>Das Teatro Sociale di Udine: Produktionsmechanismen eines norditalienischen Provinztheaters in den 1860er\/70er-Jahren<br><\/strong>Elisabeth Probst (eli.probst@gmx.net)<br>Betreuende Universit\u00e4t: Universit\u00e4t Graz (Hauptbetreuer: Univ.-Prof. Dr.phil. Michael Walter)<br>Abschluss: Februar 2025<\/p>\n\n\n\n<p><\/p>","protected":false},"excerpt":{"rendered":"<p>Nicht nur Dissertationen, auch Bachelor- und Masterarbeiten stellen h\u00e4ufig substanzielle Forschungsleistungen dar, die \u00fcber den reinen Nachweis der Bef\u00e4higung zum wissenschaftlichen Arbeiten hinausgehen. Auch spiegeln Abschlussarbeiten h\u00e4ufig aktuelle Standards, Trends [&hellip;]<\/p>\n","protected":false},"author":1,"featured_media":0,"parent":18,"menu_order":0,"comment_status":"closed","ping_status":"closed","template":"","meta":{"site-sidebar-layout":"default","site-content-layout":"","ast-site-content-layout":"default","site-content-style":"default","site-sidebar-style":"default","ast-global-header-display":"","ast-banner-title-visibility":"","ast-main-header-display":"","ast-hfb-above-header-display":"","ast-hfb-below-header-display":"","ast-hfb-mobile-header-display":"","site-post-title":"","ast-breadcrumbs-content":"","ast-featured-img":"","footer-sml-layout":"","ast-disable-related-posts":"","theme-transparent-header-meta":"","adv-header-id-meta":"","stick-header-meta":"","header-above-stick-meta":"","header-main-stick-meta":"","header-below-stick-meta":"","astra-migrate-meta-layouts":"set","ast-page-background-enabled":"default","ast-page-background-meta":{"desktop":{"background-color":"var(--ast-global-color-4)","background-image":"","background-repeat":"repeat","background-position":"center center","background-size":"auto","background-attachment":"scroll","background-type":"","background-media":"","overlay-type":"","overlay-color":"","overlay-opacity":"","overlay-gradient":""},"tablet":{"background-color":"","background-image":"","background-repeat":"repeat","background-position":"center center","background-size":"auto","background-attachment":"scroll","background-type":"","background-media":"","overlay-type":"","overlay-color":"","overlay-opacity":"","overlay-gradient":""},"mobile":{"background-color":"","background-image":"","background-repeat":"repeat","background-position":"center center","background-size":"auto","background-attachment":"scroll","background-type":"","background-media":"","overlay-type":"","overlay-color":"","overlay-opacity":"","overlay-gradient":""}},"ast-content-background-meta":{"desktop":{"background-color":"var(--ast-global-color-5)","background-image":"","background-repeat":"repeat","background-position":"center center","background-size":"auto","background-attachment":"scroll","background-type":"","background-media":"","overlay-type":"","overlay-color":"","overlay-opacity":"","overlay-gradient":""},"tablet":{"background-color":"var(--ast-global-color-5)","background-image":"","background-repeat":"repeat","background-position":"center center","background-size":"auto","background-attachment":"scroll","background-type":"","background-media":"","overlay-type":"","overlay-color":"","overlay-opacity":"","overlay-gradient":""},"mobile":{"background-color":"var(--ast-global-color-5)","background-image":"","background-repeat":"repeat","background-position":"center center","background-size":"auto","background-attachment":"scroll","background-type":"","background-media":"","overlay-type":"","overlay-color":"","overlay-opacity":"","overlay-gradient":""}},"footnotes":""},"class_list":["post-362","page","type-page","status-publish","hentry"],"_links":{"self":[{"href":"https:\/\/oegmw.at\/en\/wp-json\/wp\/v2\/pages\/362","targetHints":{"allow":["GET"]}}],"collection":[{"href":"https:\/\/oegmw.at\/en\/wp-json\/wp\/v2\/pages"}],"about":[{"href":"https:\/\/oegmw.at\/en\/wp-json\/wp\/v2\/types\/page"}],"author":[{"embeddable":true,"href":"https:\/\/oegmw.at\/en\/wp-json\/wp\/v2\/users\/1"}],"replies":[{"embeddable":true,"href":"https:\/\/oegmw.at\/en\/wp-json\/wp\/v2\/comments?post=362"}],"version-history":[{"count":15,"href":"https:\/\/oegmw.at\/en\/wp-json\/wp\/v2\/pages\/362\/revisions"}],"predecessor-version":[{"id":2242,"href":"https:\/\/oegmw.at\/en\/wp-json\/wp\/v2\/pages\/362\/revisions\/2242"}],"up":[{"embeddable":true,"href":"https:\/\/oegmw.at\/en\/wp-json\/wp\/v2\/pages\/18"}],"wp:attachment":[{"href":"https:\/\/oegmw.at\/en\/wp-json\/wp\/v2\/media?parent=362"}],"curies":[{"name":"wp","href":"https:\/\/api.w.org\/{rel}","templated":true}]}}