{"id":488,"date":"2023-10-31T15:32:06","date_gmt":"2023-10-31T15:32:06","guid":{"rendered":"https:\/\/oegmw.at\/?page_id=488"},"modified":"2023-10-31T15:46:19","modified_gmt":"2023-10-31T15:46:19","slug":"intern","status":"publish","type":"page","link":"https:\/\/oegmw.at\/en\/intern","title":{"rendered":"Intern"},"content":{"rendered":"<h2 class=\"wp-block-heading\">Anleitung zum Erstellen einer Veranstaltung als Kalendereintrag auf oegmw.at<\/h2>\n\n\n\n<p>Liebe Mitglieder! Jedes der Institute innerhalb der \u00d6GMW bekommt einen Account mit &#8222;Autor:innenstatus&#8220; f\u00fcr die Website, um dort Veranstaltung eintragen zu k\u00f6nnen (ganz \u00e4hnlich wie auch im alten Veranstaltungskalender). Um Ihnen die Kalenderfunktion zu zeigen, haben wir ein kurzes Video aufgenommen, in dem die einzelnen Funktionen des Kalenders vorgestellt werden. <\/p>\n\n\n\n<h2 class=\"wp-block-heading\">Account beantragen<\/h2>\n\n\n\n<p> Um den Account zu beantragen, schreiben Sie bitte eine E-Mail an <a href=\"mailto:website@oegmw.at\">website@oegmw.at<\/a> mit folgender Information<\/p>\n\n\n\n<ul class=\"wp-block-list\">\n<li>Auf welche E-Mailadresse soll der Account erstellt werden<\/li>\n\n\n\n<li>Welchen Institut soll er zugeordnet werden<\/li>\n<\/ul>\n\n\n\n<p>Sie erhalten dann eine Best\u00e4tigungs-Mail mit der Aufforderung, ein Passwort selbst auszuw\u00e4hlen. Der Account ist danach sofort einsatzf\u00e4hig und Veranstaltungen k\u00f6nnen erstellt werden.<\/p>\n\n\n\n<h2 class=\"wp-block-heading\">Anleitungsvideo (8:45 Minuten)<\/h2>\n\n\n\n<figure class=\"wp-block-video\"><video height=\"1080\" style=\"aspect-ratio: 1920 \/ 1080;\" width=\"1920\" controls src=\"https:\/\/oegmw.at\/wp-content\/uploads\/2023\/10\/anleitung_kalender_web.mp4\"><\/video><\/figure>","protected":false},"excerpt":{"rendered":"<p>Anleitung zum Erstellen einer Veranstaltung als Kalendereintrag auf oegmw.at Liebe Mitglieder! Jedes der Institute innerhalb der \u00d6GMW bekommt einen Account mit &#8222;Autor:innenstatus&#8220; f\u00fcr die Website, um dort Veranstaltung eintragen zu [&hellip;]<\/p>\n","protected":false},"author":1,"featured_media":0,"parent":0,"menu_order":0,"comment_status":"closed","ping_status":"closed","template":"","meta":{"site-sidebar-layout":"default","site-content-layout":"","ast-site-content-layout":"default","site-content-style":"default","site-sidebar-style":"default","ast-global-header-display":"","ast-banner-title-visibility":"","ast-main-header-display":"","ast-hfb-above-header-display":"","ast-hfb-below-header-display":"","ast-hfb-mobile-header-display":"","site-post-title":"disabled","ast-breadcrumbs-content":"","ast-featured-img":"","footer-sml-layout":"","ast-disable-related-posts":"","theme-transparent-header-meta":"","adv-header-id-meta":"","stick-header-meta":"","header-above-stick-meta":"","header-main-stick-meta":"","header-below-stick-meta":"","astra-migrate-meta-layouts":"set","ast-page-background-enabled":"default","ast-page-background-meta":{"desktop":{"background-color":"var(--ast-global-color-4)","background-image":"","background-repeat":"repeat","background-position":"center center","background-size":"auto","background-attachment":"scroll","background-type":"","background-media":"","overlay-type":"","overlay-color":"","overlay-opacity":"","overlay-gradient":""},"tablet":{"background-color":"","background-image":"","background-repeat":"repeat","background-position":"center center","background-size":"auto","background-attachment":"scroll","background-type":"","background-media":"","overlay-type":"","overlay-color":"","overlay-opacity":"","overlay-gradient":""},"mobile":{"background-color":"","background-image":"","background-repeat":"repeat","background-position":"center center","background-size":"auto","background-attachment":"scroll","background-type":"","background-media":"","overlay-type":"","overlay-color":"","overlay-opacity":"","overlay-gradient":""}},"ast-content-background-meta":{"desktop":{"background-color":"var(--ast-global-color-5)","background-image":"","background-repeat":"repeat","background-position":"center center","background-size":"auto","background-attachment":"scroll","background-type":"","background-media":"","overlay-type":"","overlay-color":"","overlay-opacity":"","overlay-gradient":""},"tablet":{"background-color":"var(--ast-global-color-5)","background-image":"","background-repeat":"repeat","background-position":"center center","background-size":"auto","background-attachment":"scroll","background-type":"","background-media":"","overlay-type":"","overlay-color":"","overlay-opacity":"","overlay-gradient":""},"mobile":{"background-color":"var(--ast-global-color-5)","background-image":"","background-repeat":"repeat","background-position":"center center","background-size":"auto","background-attachment":"scroll","background-type":"","background-media":"","overlay-type":"","overlay-color":"","overlay-opacity":"","overlay-gradient":""}},"footnotes":""},"class_list":["post-488","page","type-page","status-publish","hentry"],"_links":{"self":[{"href":"https:\/\/oegmw.at\/en\/wp-json\/wp\/v2\/pages\/488","targetHints":{"allow":["GET"]}}],"collection":[{"href":"https:\/\/oegmw.at\/en\/wp-json\/wp\/v2\/pages"}],"about":[{"href":"https:\/\/oegmw.at\/en\/wp-json\/wp\/v2\/types\/page"}],"author":[{"embeddable":true,"href":"https:\/\/oegmw.at\/en\/wp-json\/wp\/v2\/users\/1"}],"replies":[{"embeddable":true,"href":"https:\/\/oegmw.at\/en\/wp-json\/wp\/v2\/comments?post=488"}],"version-history":[{"count":4,"href":"https:\/\/oegmw.at\/en\/wp-json\/wp\/v2\/pages\/488\/revisions"}],"predecessor-version":[{"id":496,"href":"https:\/\/oegmw.at\/en\/wp-json\/wp\/v2\/pages\/488\/revisions\/496"}],"wp:attachment":[{"href":"https:\/\/oegmw.at\/en\/wp-json\/wp\/v2\/media?parent=488"}],"curies":[{"name":"wp","href":"https:\/\/api.w.org\/{rel}","templated":true}]}}