{"id":67,"date":"2023-03-30T16:16:38","date_gmt":"2023-03-30T16:16:38","guid":{"rendered":"https:\/\/oegmw.at\/?page_id=67"},"modified":"2026-03-30T15:54:39","modified_gmt":"2026-03-30T13:54:39","slug":"praesidium","status":"publish","type":"page","link":"https:\/\/oegmw.at\/en\/praesidium","title":{"rendered":"Das Pr\u00e4sidium der \u00d6GMw"},"content":{"rendered":"<h5 class=\"wp-block-heading\">PR\u00c4SIDENTIN<\/h5>\n\n\n\n<p><strong>Univ.-Prof. Dr. Melanie Unseld<\/strong><br>Universit\u00e4t f\u00fcr Musik und darstellende Kunst Wien,<br>Institut f\u00fcr Musikwissenschaft und Interpretationsforschung<br>Seilerst\u00e4tte 26, A-1010 Wien<br><a href=\"mailto:unseld@mdw.ac.at\">unseld@mdw.ac.at<\/a><br><a rel=\"noreferrer noopener\" href=\"https:\/\/www.mdw.ac.at\/imi\/melanie-unseld\/\" target=\"_blank\">Website<\/a><\/p>\n\n\n\n<h5 class=\"wp-block-heading\">VIZEPR\u00c4SIDENT<\/h5>\n\n\n\n<p><strong>Ass.-Prof. Mag. Dr. Bernd Brabec<\/strong><br>Universit\u00e4t Innsbruck, Institut f\u00fcr Musikwissenschaft<br>Universit\u00e4tsstra\u00dfe 1, A- 6020 Innsbruck<br><a href=\"mailto:Bernd.Brabec@uibk.ac.at\" data-type=\"mailto\" data-id=\"mailto:Bernd.Brabec@uibk.ac.at\">Bernd.Brabec@uibk.ac.at<\/a><br><a href=\"https:\/\/www.uibk.ac.at\/de\/musikwissenschaft\/institut\/team\/bernd-brabec\/\">Website<\/a><\/p>\n\n\n\n<h5 class=\"wp-block-heading\">GENERALSEKRET\u00c4RIN<\/h5>\n\n\n\n<p><strong>Assoz.-Prof.\u00a0Mag. Dr. Julia Hinterberger Bakk.<\/strong><br>Universit\u00e4t Mozarteum Salzburg,<br>Department f\u00fcr Musikwissenschaft<br>Mirabellplatz 1, A-5020 Salzburg<br><a href=\"mailto:julia.hinterberger@moz.ac.at\" target=\"_blank\" rel=\"noreferrer noopener\">julia.hinterberger@moz.ac.at<\/a><br><a href=\"https:\/\/www.moz.ac.at\/de\/personen\/musikwissenschaft\/julia-hinterberger?image=\" target=\"_blank\" rel=\"noreferrer noopener\">Website<\/a><\/p>\n\n\n\n<h5 class=\"wp-block-heading\">SCHATZMEISTER<\/h5>\n\n\n\n<p><strong>Thomas Wozonig BA MA BA<\/strong><br>Universit\u00e4t f\u00fcr Musik und darstellende Kunst Graz<br>Kohldorfer Stra\u00dfe 58\/3, A-9020 Klagenfurt am W\u00f6rthersee<br><a href=\"mailto:irene.brandenburg@plus.ac.at\"><\/a><a href=\"mailto:twozonig@gmail.com\" target=\"_blank\" rel=\"noreferrer noopener\">twozonig@gmail.com<\/a><br><a href=\"https:\/\/www.thomas-wozonig.at\/\" target=\"_blank\" rel=\"noreferrer noopener\">Website<\/a><\/p>\n\n\n\n<h5 class=\"wp-block-heading\">\u00d6FFENTLICHKEITSARBEIT<\/h5>\n\n\n\n<p><strong><strong>Dr. Bianca Schumann B.Mus. B.A. M.A. MA<\/strong><\/strong><br>Universit\u00e4t f\u00fcr Musik und darstellende Kunst Wien,<br>Institut f\u00fcr Musikwissenschaft und Interpretationsforschung<br>Seilerst\u00e4tte 26, A-1010 Wien<br><a href=\"mailto:elisabeth.hilscher@oeaw.ac.at\"><\/a><a href=\"mailto:schumann-b@mdw.ac.at\">schumann-b@mdw.ac.at<\/a><br><a href=\"https:\/\/www.mdw.ac.at\/imi\/bianca-schumann\/\" target=\"_blank\" rel=\"noreferrer noopener\">Website<\/a><\/p>\n\n\n\n<h5 class=\"wp-block-heading\">WEITERE MITGLIEDER<\/h5>\n\n\n\n<p><strong><strong>Dr. Monika Voithofer, BA BA MA<\/strong><\/strong><br>Universit\u00e4t Wien, <br>Institut f\u00fcr Musikwissenschaft<br>Spitalgasse 2, Hof 9 (Campus), A-1090 Wien<br><a href=\"mailto:julio.mendivil@univie.ac.at\"><\/a><a href=\"mailto:monika.voithofer@univie.ac.at\" target=\"_blank\" rel=\"noreferrer noopener\">monika.voithofer@univie.ac.at<\/a><br><a href=\"https:\/\/musikwissenschaft.univie.ac.at\/ueber-uns\/team\/institut\/voithofer\/\" target=\"_blank\" rel=\"noreferrer noopener\">Website<\/a><\/p>\n\n\n\n<h5 class=\"wp-block-heading\">KOOPTIERTE MITGLIEDER<\/h5>\n\n\n\n<p><strong>Mag. Julia Ackermann PhD<\/strong><br>\u00d6sterreichische Nationalbibliothek,<br>Musiksammlung<br>Herrengasse 9, A-1010 Wien<br><a href=\"mailto:julia.ackermann@onb.ac.at\" target=\"_blank\" rel=\"noreferrer noopener\">julia.ackermann@onb.ac.at<\/a><br>Ansprechperson au\u00dferuniversit\u00e4re Forschungsst\u00e4tten<\/p>\n\n\n\n<p><strong>Univ.-Prof. Dr. Andr\u00e9 Doehring<\/strong><br>Universit\u00e4t f\u00fcr Musik und darstellende Kunst Graz, <br>Institut f\u00fcr Jazz- und Popularmusikforschung<br>Leonhardstra\u00dfe 15\/II, A-8010 Graz<br><a href=\"mailto:andre.doehring@kug.ac.at\">andre.doehring@kug.ac.at<\/a><br><a href=\"https:\/\/jazzpopforschung.kug.ac.at\/institut\/institut-fuer-jazzforschung\/mitarbeiterinnen\/andre-doehring\" target=\"_blank\" rel=\"noreferrer noopener\">Website<\/a><\/p>\n\n\n\n<p><strong>Eva Gruji\u0107 BA<\/strong><br>Universit\u00e4t f\u00fcr Musik und darstellende Kunst Wien,<br>Institut f\u00fcr Musikwissenschaft und Interpretationsforschung<br>Seilerst\u00e4tte 26, A-1010 Wien<br><a href=\"mailto:eva.grujic@students.mdw.ac.at\" target=\"_blank\" rel=\"noreferrer noopener\">eva.grujic@students.mdw.ac.at<\/a><br>Ansprechperson Junge Musikwissenschaft<\/p>\n\n\n\n<p><strong>Dr. J\u00f6rg M\u00fchlhans, BA MA<\/strong><br>Universit\u00e4t Wien, <br>MediaLab der Philologisch-Kulturwissenschaftlichen Fakult\u00e4t<br>Josef-Holaubek-Platz 2, UZA 2 Ebene H3, A-1090 Wien<br><a href=\"mailto:joerg.muehlhans@univie.ac.at\">joerg.muehlhans@univie.ac.at<\/a><br><a href=\"https:\/\/medialab.univie.ac.at\/team\/\" target=\"_blank\" rel=\"noreferrer noopener\">Website<\/a><\/p>\n\n\n\n<p><strong><strong>Univ.-Prof. Dr. Carolin Stahrenberg<\/strong><br><\/strong>Anton Bruckner Privatuniversit\u00e4t Ober\u00f6sterreich,<br>Institut f\u00fcr Theorie und Geschichte<br>Alice-Harnoncourt-Platz 1, A-4040 Linz<br><a href=\"mailto:carolin.stahrenberg@bruckeruni.ac.at\">carolin.stahrenberg@bruckeruni.at<\/a><br><a href=\"https:\/\/www.bruckneruni.at\/de\/institute\/theorie-und-geschichte\" target=\"_blank\" rel=\"noreferrer noopener\">Website<\/a> <br><\/p>\n\n\n\n<p>Die n\u00e4chste Sitzung des Pr\u00e4sidiums findet am <strong>22. Mai 2026<\/strong> statt.<\/p>\n\n\n\n<p><\/p>","protected":false},"excerpt":{"rendered":"<p>PR\u00c4SIDENTIN Univ.-Prof. Dr. Melanie UnseldUniversit\u00e4t f\u00fcr Musik und darstellende Kunst Wien,Institut f\u00fcr Musikwissenschaft und InterpretationsforschungSeilerst\u00e4tte 26, A-1010 Wienunseld@mdw.ac.atWebsite VIZEPR\u00c4SIDENT Ass.-Prof. Mag. Dr. Bernd BrabecUniversit\u00e4t Innsbruck, Institut f\u00fcr MusikwissenschaftUniversit\u00e4tsstra\u00dfe 1, A- [&hellip;]<\/p>\n","protected":false},"author":2,"featured_media":0,"parent":0,"menu_order":0,"comment_status":"closed","ping_status":"closed","template":"","meta":{"site-sidebar-layout":"default","site-content-layout":"","ast-site-content-layout":"default","site-content-style":"default","site-sidebar-style":"default","ast-global-header-display":"","ast-banner-title-visibility":"","ast-main-header-display":"","ast-hfb-above-header-display":"","ast-hfb-below-header-display":"","ast-hfb-mobile-header-display":"","site-post-title":"","ast-breadcrumbs-content":"","ast-featured-img":"","footer-sml-layout":"","ast-disable-related-posts":"","theme-transparent-header-meta":"","adv-header-id-meta":"","stick-header-meta":"","header-above-stick-meta":"","header-main-stick-meta":"","header-below-stick-meta":"","astra-migrate-meta-layouts":"set","ast-page-background-enabled":"default","ast-page-background-meta":{"desktop":{"background-color":"var(--ast-global-color-4)","background-image":"","background-repeat":"repeat","background-position":"center center","background-size":"auto","background-attachment":"scroll","background-type":"","background-media":"","overlay-type":"","overlay-color":"","overlay-opacity":"","overlay-gradient":""},"tablet":{"background-color":"","background-image":"","background-repeat":"repeat","background-position":"center center","background-size":"auto","background-attachment":"scroll","background-type":"","background-media":"","overlay-type":"","overlay-color":"","overlay-opacity":"","overlay-gradient":""},"mobile":{"background-color":"","background-image":"","background-repeat":"repeat","background-position":"center center","background-size":"auto","background-attachment":"scroll","background-type":"","background-media":"","overlay-type":"","overlay-color":"","overlay-opacity":"","overlay-gradient":""}},"ast-content-background-meta":{"desktop":{"background-color":"var(--ast-global-color-5)","background-image":"","background-repeat":"repeat","background-position":"center center","background-size":"auto","background-attachment":"scroll","background-type":"","background-media":"","overlay-type":"","overlay-color":"","overlay-opacity":"","overlay-gradient":""},"tablet":{"background-color":"var(--ast-global-color-5)","background-image":"","background-repeat":"repeat","background-position":"center center","background-size":"auto","background-attachment":"scroll","background-type":"","background-media":"","overlay-type":"","overlay-color":"","overlay-opacity":"","overlay-gradient":""},"mobile":{"background-color":"var(--ast-global-color-5)","background-image":"","background-repeat":"repeat","background-position":"center center","background-size":"auto","background-attachment":"scroll","background-type":"","background-media":"","overlay-type":"","overlay-color":"","overlay-opacity":"","overlay-gradient":""}},"footnotes":""},"class_list":["post-67","page","type-page","status-publish","hentry"],"_links":{"self":[{"href":"https:\/\/oegmw.at\/en\/wp-json\/wp\/v2\/pages\/67","targetHints":{"allow":["GET"]}}],"collection":[{"href":"https:\/\/oegmw.at\/en\/wp-json\/wp\/v2\/pages"}],"about":[{"href":"https:\/\/oegmw.at\/en\/wp-json\/wp\/v2\/types\/page"}],"author":[{"embeddable":true,"href":"https:\/\/oegmw.at\/en\/wp-json\/wp\/v2\/users\/2"}],"replies":[{"embeddable":true,"href":"https:\/\/oegmw.at\/en\/wp-json\/wp\/v2\/comments?post=67"}],"version-history":[{"count":27,"href":"https:\/\/oegmw.at\/en\/wp-json\/wp\/v2\/pages\/67\/revisions"}],"predecessor-version":[{"id":2400,"href":"https:\/\/oegmw.at\/en\/wp-json\/wp\/v2\/pages\/67\/revisions\/2400"}],"wp:attachment":[{"href":"https:\/\/oegmw.at\/en\/wp-json\/wp\/v2\/media?parent=67"}],"curies":[{"name":"wp","href":"https:\/\/api.w.org\/{rel}","templated":true}]}}