{"id":68,"date":"2023-03-30T16:16:38","date_gmt":"2023-03-30T16:16:38","guid":{"rendered":"https:\/\/oegmw.at\/?page_id=68"},"modified":"2025-03-13T17:58:14","modified_gmt":"2025-03-13T17:58:14","slug":"mitgliedschaft","status":"publish","type":"page","link":"https:\/\/oegmw.at\/en\/mitgliedschaft","title":{"rendered":"Mitgliedschaft"},"content":{"rendered":"<p>Der j\u00e4hrliche Mitgliedsbeitrag betr\u00e4gt 40.- Euro, f\u00fcr Studierende: 20.- Euro.<br>Zur Anmeldung einer Mitgliedschaft schreiben Sie uns bitte eine E-Mail an:&nbsp;<a href=\"mailto:kontakt@oegmw.at\">kontakt@oegmw.at<\/a><br>Angabe von Name, Adresse und Email wird ben\u00f6tigt. F\u00fcr eine studentische Mitgliedschaft bitte einen Studiennachweis anh\u00e4ngen.<\/p>\n\n\n\n<p>Mit Ihrer Anmeldung stimmen Sie der Speicherung und Verarbeitung Ihrer Daten zur Mitgliedschaftsverwaltung zu. Die Datenverarbeitung erfolgt ausschlie\u00dflich auf Grundlage der gesetzlichen Bestimmungen (<a href=\"https:\/\/eur-lex.europa.eu\/legal-content\/DE\/TXT\/?uri=uriserv%3AOJ.L_.2016.119.01.0001.01.DEU&amp;toc=OJ%3AL%3A2016%3A119%3ATOC%20\" target=\"_blank\" rel=\"noreferrer noopener\">DSGVO<\/a>). Ihnen stehen grunds\u00e4tzlich die Rechte auf Auskunft, Berichtigung, L\u00f6schung, Einschr\u00e4nkung, Daten\u00fcbertragbarkeit, Widerruf und Widerspruch zu.\u00a0<\/p>\n\n\n\n<p>Auskunft erhalten Sie unter: <a href=\"mailto:kontakt@oegmw.at\">kontakt@oegmw.at<\/a><\/p>","protected":false},"excerpt":{"rendered":"<p>Der j\u00e4hrliche Mitgliedsbeitrag betr\u00e4gt 40.- Euro, f\u00fcr Studierende: 20.- Euro.Zur Anmeldung einer Mitgliedschaft schreiben Sie uns bitte eine E-Mail an:&nbsp;kontakt@oegmw.atAngabe von Name, Adresse und Email wird ben\u00f6tigt. F\u00fcr eine studentische [&hellip;]<\/p>\n","protected":false},"author":2,"featured_media":0,"parent":0,"menu_order":0,"comment_status":"closed","ping_status":"closed","template":"","meta":{"site-sidebar-layout":"default","site-content-layout":"","ast-site-content-layout":"default","site-content-style":"default","site-sidebar-style":"default","ast-global-header-display":"","ast-banner-title-visibility":"","ast-main-header-display":"","ast-hfb-above-header-display":"","ast-hfb-below-header-display":"","ast-hfb-mobile-header-display":"","site-post-title":"","ast-breadcrumbs-content":"","ast-featured-img":"","footer-sml-layout":"","ast-disable-related-posts":"","theme-transparent-header-meta":"","adv-header-id-meta":"","stick-header-meta":"","header-above-stick-meta":"","header-main-stick-meta":"","header-below-stick-meta":"","astra-migrate-meta-layouts":"set","ast-page-background-enabled":"default","ast-page-background-meta":{"desktop":{"background-color":"var(--ast-global-color-4)","background-image":"","background-repeat":"repeat","background-position":"center center","background-size":"auto","background-attachment":"scroll","background-type":"","background-media":"","overlay-type":"","overlay-color":"","overlay-opacity":"","overlay-gradient":""},"tablet":{"background-color":"","background-image":"","background-repeat":"repeat","background-position":"center center","background-size":"auto","background-attachment":"scroll","background-type":"","background-media":"","overlay-type":"","overlay-color":"","overlay-opacity":"","overlay-gradient":""},"mobile":{"background-color":"","background-image":"","background-repeat":"repeat","background-position":"center center","background-size":"auto","background-attachment":"scroll","background-type":"","background-media":"","overlay-type":"","overlay-color":"","overlay-opacity":"","overlay-gradient":""}},"ast-content-background-meta":{"desktop":{"background-color":"var(--ast-global-color-5)","background-image":"","background-repeat":"repeat","background-position":"center center","background-size":"auto","background-attachment":"scroll","background-type":"","background-media":"","overlay-type":"","overlay-color":"","overlay-opacity":"","overlay-gradient":""},"tablet":{"background-color":"var(--ast-global-color-5)","background-image":"","background-repeat":"repeat","background-position":"center center","background-size":"auto","background-attachment":"scroll","background-type":"","background-media":"","overlay-type":"","overlay-color":"","overlay-opacity":"","overlay-gradient":""},"mobile":{"background-color":"var(--ast-global-color-5)","background-image":"","background-repeat":"repeat","background-position":"center center","background-size":"auto","background-attachment":"scroll","background-type":"","background-media":"","overlay-type":"","overlay-color":"","overlay-opacity":"","overlay-gradient":""}},"footnotes":""},"class_list":["post-68","page","type-page","status-publish","hentry"],"_links":{"self":[{"href":"https:\/\/oegmw.at\/en\/wp-json\/wp\/v2\/pages\/68","targetHints":{"allow":["GET"]}}],"collection":[{"href":"https:\/\/oegmw.at\/en\/wp-json\/wp\/v2\/pages"}],"about":[{"href":"https:\/\/oegmw.at\/en\/wp-json\/wp\/v2\/types\/page"}],"author":[{"embeddable":true,"href":"https:\/\/oegmw.at\/en\/wp-json\/wp\/v2\/users\/2"}],"replies":[{"embeddable":true,"href":"https:\/\/oegmw.at\/en\/wp-json\/wp\/v2\/comments?post=68"}],"version-history":[{"count":10,"href":"https:\/\/oegmw.at\/en\/wp-json\/wp\/v2\/pages\/68\/revisions"}],"predecessor-version":[{"id":1838,"href":"https:\/\/oegmw.at\/en\/wp-json\/wp\/v2\/pages\/68\/revisions\/1838"}],"wp:attachment":[{"href":"https:\/\/oegmw.at\/en\/wp-json\/wp\/v2\/media?parent=68"}],"curies":[{"name":"wp","href":"https:\/\/api.w.org\/{rel}","templated":true}]}}