{"id":70,"date":"2023-03-30T16:16:38","date_gmt":"2023-03-30T16:16:38","guid":{"rendered":"https:\/\/oegmw.at\/?page_id=70"},"modified":"2023-11-20T18:15:08","modified_gmt":"2023-11-20T18:15:08","slug":"geschichte","status":"publish","type":"page","link":"https:\/\/oegmw.at\/en\/geschichte","title":{"rendered":"Geschichte der Gesellschaft"},"content":{"rendered":"<p>Die \u00d6sterreichische Gesellschaft f\u00fcr Musikwissenschaft wurde 1973 von einer Gruppe junger engagierter \u00f6sterreichischer Musikwissenschaftler:innen im Geiste des Konzepts der Gleichberechtigung aller akademischen Karrierestufen und Teildisziplinen der Musikwissenschaft gegr\u00fcndet.<\/p>\n\n\n\n<p>Die F\u00f6rderung pers\u00f6nlicher wie fachliche Netzwerke sowie des akademischen Nachwuchses war ebenso ein Hauptanliegen der Gr\u00fcndergeneration wie das kontinuierliche Eintreten f\u00fcr flache Hierarchien \u2013 beides ist bis heute ein Anliegen der \u00d6GMw (<a href=\"https:\/\/oegmw.at\/en\/anlaufstelle\/\" data-type=\"page\" data-id=\"73\">siehe auch Anlaufstelle bei Grenz\u00fcberschreitungen und Machtmissbrauch in den Musikwissenschaften<\/a>).<\/p>\n\n\n\n<p>Weitere Schwerpunkte ergaben sich aus der Wiederaufnahme des Kontaktes mit in den 1930er Jahren ins Exil geflohenen Kolleg:innen sowie dem Aufbau eines Netzwerkes mit der Fachkolleg:innenschaft in den Nachfolgestaaten der Monarchie unter Ausnutzung des neutralen Status\u2019 \u00d6sterreichs, der eine Drehscheibenfunktion zwischen Ost und West erleichterte. In diesem Sinn wurde mit Egon Wellesz ein Emigrant 1974 zum ersten Ehrenmitglied der \u00d6GMw ernannt.<\/p>\n\n\n\n<p>Diese Schwerpunktsetzungen dr\u00fccken sich auch in den Themen der seit 1975 veranstalteten <a href=\"https:\/\/oegmw.at\/en\/jahrestagung\/\" data-type=\"page\" data-id=\"17\">Jahrestagungen<\/a> wie der gro\u00dfen internationalen Kongresse anl\u00e4sslich von Komponisten-Jubil\u00e4en aus (Brahms-Kongress 1983, Bach-Kongress 1985, Internationaler Kongress zum Mozart-Jahr 1991, Hugo-Wolf-Tagung 2003 etc.). Seit 1977 erscheinen die <a href=\"https:\/\/www.musau.org\/\" data-type=\"link\" data-id=\"https:\/\/www.musau.org\/\"><em>Musicologica <\/em><\/a><a href=\"https:\/\/www.musau.org\/\" data-type=\"link\" data-id=\"https:\/\/www.musau.org\/\" target=\"_blank\" rel=\"noreferrer noopener\"><em>Austriaca<\/em><\/a>, die sich mit der Umwandlung in ein e-journal 2015 heute v.a. Austrian Studies widmen. Der 1974 ins Auge gefasste Plan einer \u201eUniversalgeschichte der Musik\u201c wurde 1975ff zu einer \u201e<a href=\"https:\/\/www.musau.org\/oegmw\/publikationen\/musikgeschichte-oesterreichs\/\" target=\"_blank\" rel=\"noreferrer noopener\">Musikgeschichte \u00d6sterreichs<\/a>\u201c (1. Auflage: Graz-Wien-K\u00f6ln: Styria, Band 1: 1977 bzw. Band 2: 1979), die anl\u00e4sslich des \u00d6sterreich-Jubil\u00e4ums 1996 eine dreib\u00e4ndige Neuauflage erlebte (Wien-K\u00f6ln-Weimar: B\u00f6hlau 1995).<\/p>\n\n\n\n<p>Schon wenige Jahre nach der Gr\u00fcndung wurde auch den Studierenden ein Sitz im Pr\u00e4sidium einger\u00e4umt, ebenso hat sich seit Ende der 1980er Jahre ein Forum der Jungen Musikwissenschaft bei den Jahrestagungen der \u00d6GMw etabliert, aus dem sich ab den 2000-Jahren eine starke Sektion der Jungen Musikwissenschaft (<a href=\"https:\/\/oegmw.at\/en\/junge-musikwissenschaft\/\" data-type=\"page\" data-id=\"18\">JuMuwi<\/a>) entwickelt hat.<\/p>\n\n\n\n<p><a href=\"https:\/\/oegmw.at\/en\/die-gesellschaft\/personen\/\" data-type=\"page\" data-id=\"630\">Pr\u00e4sident:innen der Gesellschaft und Ehrenmitglieder <\/a><\/p>","protected":false},"excerpt":{"rendered":"<p>Die \u00d6sterreichische Gesellschaft f\u00fcr Musikwissenschaft wurde 1973 von einer Gruppe junger engagierter \u00f6sterreichischer Musikwissenschaftler:innen im Geiste des Konzepts der Gleichberechtigung aller akademischen Karrierestufen und Teildisziplinen der Musikwissenschaft gegr\u00fcndet. Die F\u00f6rderung [&hellip;]<\/p>\n","protected":false},"author":2,"featured_media":0,"parent":0,"menu_order":0,"comment_status":"closed","ping_status":"closed","template":"","meta":{"site-sidebar-layout":"default","site-content-layout":"","ast-site-content-layout":"default","site-content-style":"default","site-sidebar-style":"default","ast-global-header-display":"","ast-banner-title-visibility":"","ast-main-header-display":"","ast-hfb-above-header-display":"","ast-hfb-below-header-display":"","ast-hfb-mobile-header-display":"","site-post-title":"","ast-breadcrumbs-content":"","ast-featured-img":"","footer-sml-layout":"","ast-disable-related-posts":"","theme-transparent-header-meta":"","adv-header-id-meta":"","stick-header-meta":"","header-above-stick-meta":"","header-main-stick-meta":"","header-below-stick-meta":"","astra-migrate-meta-layouts":"set","ast-page-background-enabled":"default","ast-page-background-meta":{"desktop":{"background-color":"var(--ast-global-color-4)","background-image":"","background-repeat":"repeat","background-position":"center center","background-size":"auto","background-attachment":"scroll","background-type":"","background-media":"","overlay-type":"","overlay-color":"","overlay-opacity":"","overlay-gradient":""},"tablet":{"background-color":"","background-image":"","background-repeat":"repeat","background-position":"center center","background-size":"auto","background-attachment":"scroll","background-type":"","background-media":"","overlay-type":"","overlay-color":"","overlay-opacity":"","overlay-gradient":""},"mobile":{"background-color":"","background-image":"","background-repeat":"repeat","background-position":"center center","background-size":"auto","background-attachment":"scroll","background-type":"","background-media":"","overlay-type":"","overlay-color":"","overlay-opacity":"","overlay-gradient":""}},"ast-content-background-meta":{"desktop":{"background-color":"var(--ast-global-color-5)","background-image":"","background-repeat":"repeat","background-position":"center center","background-size":"auto","background-attachment":"scroll","background-type":"","background-media":"","overlay-type":"","overlay-color":"","overlay-opacity":"","overlay-gradient":""},"tablet":{"background-color":"var(--ast-global-color-5)","background-image":"","background-repeat":"repeat","background-position":"center center","background-size":"auto","background-attachment":"scroll","background-type":"","background-media":"","overlay-type":"","overlay-color":"","overlay-opacity":"","overlay-gradient":""},"mobile":{"background-color":"var(--ast-global-color-5)","background-image":"","background-repeat":"repeat","background-position":"center center","background-size":"auto","background-attachment":"scroll","background-type":"","background-media":"","overlay-type":"","overlay-color":"","overlay-opacity":"","overlay-gradient":""}},"footnotes":""},"class_list":["post-70","page","type-page","status-publish","hentry"],"_links":{"self":[{"href":"https:\/\/oegmw.at\/en\/wp-json\/wp\/v2\/pages\/70","targetHints":{"allow":["GET"]}}],"collection":[{"href":"https:\/\/oegmw.at\/en\/wp-json\/wp\/v2\/pages"}],"about":[{"href":"https:\/\/oegmw.at\/en\/wp-json\/wp\/v2\/types\/page"}],"author":[{"embeddable":true,"href":"https:\/\/oegmw.at\/en\/wp-json\/wp\/v2\/users\/2"}],"replies":[{"embeddable":true,"href":"https:\/\/oegmw.at\/en\/wp-json\/wp\/v2\/comments?post=70"}],"version-history":[{"count":11,"href":"https:\/\/oegmw.at\/en\/wp-json\/wp\/v2\/pages\/70\/revisions"}],"predecessor-version":[{"id":711,"href":"https:\/\/oegmw.at\/en\/wp-json\/wp\/v2\/pages\/70\/revisions\/711"}],"wp:attachment":[{"href":"https:\/\/oegmw.at\/en\/wp-json\/wp\/v2\/media?parent=70"}],"curies":[{"name":"wp","href":"https:\/\/api.w.org\/{rel}","templated":true}]}}