{"id":72,"date":"2023-03-30T16:16:39","date_gmt":"2023-03-30T16:16:39","guid":{"rendered":"https:\/\/oegmw.at\/?page_id=72"},"modified":"2023-11-20T11:25:00","modified_gmt":"2023-11-20T11:25:00","slug":"arbeitsgruppen-initiativen","status":"publish","type":"page","link":"https:\/\/oegmw.at\/en\/arbeitsgruppen-initiativen","title":{"rendered":"Arbeitsgruppen &#038; Initiativen"},"content":{"rendered":"<h2 class=\"wp-block-heading\">AG Studierendenzahlen<\/h2>\n\n\n\n<p>Am 20. Oktober 2023 veranstaltete die \u00d6GMw an der Universit\u00e4t Salzburg einen \u00f6ffentlichen Roundtable zum Thema &#8222;Sinkende Studierendenzahlen in der Musikwissenschaft&#8220;. Diskutiert wurden Fragen wie: Wie entwickelten sich die Studierendenzahlen an den verschiedenen Standorten der Musikwissenschaft in \u00d6sterreich in den letzten Jahren? Welche Auswirkungen hatten und haben die Pandemie oder andere gesellschaftliche Herausforderungen? Sind scheinbar sinkende Studierendenzahlen vielleicht auch \u00c4nderungen in den Studiengangsstrukturen (interdisziplin\u00e4re Formate) oder der statistischen Erfassung geschuldet? Wie sehen Studierende die Perspektiven eines Studiums der Musikwissenschaft? Und welche Ideen zur Steigerung der Attraktivit\u00e4t musikwissenschaftlicher Studieng\u00e4nge gibt es, welche Ma\u00dfnahmen werden bereits umgesetzt oder erprobt?<\/p>\n\n\n\n<h2 class=\"wp-block-heading\">AG Website<\/h2>\n\n\n\n<p>Zur Gestaltung des neuen Webauftritts wurde eine Arbeitsgruppe gebildet, innerhalb derer \u00fcber Aussehen und Inhalte der neuen Website sowie ihre Funktionalit\u00e4t beraten wird. Die Arbeitsgruppe setzt sich zusammen aus: J\u00f6rg M\u00fchlhans, Elisabeth Reisinger, Carolin Stahrenberg und Thomas Wozonig. Die technische Umsetzung der Website wird von Julia Undeutsch realisiert. <\/p>\n\n\n\n<p>S\u00e4mtliche Fragen und Anregungen zur Website k\u00f6nnen an <a href=\"mailto:website@oegmw.at\">website@oegmw.at<\/a> gerichtet werden.<\/p>","protected":false},"excerpt":{"rendered":"<p>AG Studierendenzahlen Am 20. Oktober 2023 veranstaltete die \u00d6GMw an der Universit\u00e4t Salzburg einen \u00f6ffentlichen Roundtable zum Thema &#8222;Sinkende Studierendenzahlen in der Musikwissenschaft&#8220;. Diskutiert wurden Fragen wie: Wie entwickelten sich [&hellip;]<\/p>\n","protected":false},"author":2,"featured_media":0,"parent":0,"menu_order":0,"comment_status":"closed","ping_status":"closed","template":"","meta":{"site-sidebar-layout":"default","site-content-layout":"","ast-site-content-layout":"default","site-content-style":"default","site-sidebar-style":"default","ast-global-header-display":"","ast-banner-title-visibility":"","ast-main-header-display":"","ast-hfb-above-header-display":"","ast-hfb-below-header-display":"","ast-hfb-mobile-header-display":"","site-post-title":"","ast-breadcrumbs-content":"","ast-featured-img":"","footer-sml-layout":"","ast-disable-related-posts":"","theme-transparent-header-meta":"","adv-header-id-meta":"","stick-header-meta":"","header-above-stick-meta":"","header-main-stick-meta":"","header-below-stick-meta":"","astra-migrate-meta-layouts":"set","ast-page-background-enabled":"default","ast-page-background-meta":{"desktop":{"background-color":"var(--ast-global-color-4)","background-image":"","background-repeat":"repeat","background-position":"center center","background-size":"auto","background-attachment":"scroll","background-type":"","background-media":"","overlay-type":"","overlay-color":"","overlay-opacity":"","overlay-gradient":""},"tablet":{"background-color":"","background-image":"","background-repeat":"repeat","background-position":"center center","background-size":"auto","background-attachment":"scroll","background-type":"","background-media":"","overlay-type":"","overlay-color":"","overlay-opacity":"","overlay-gradient":""},"mobile":{"background-color":"","background-image":"","background-repeat":"repeat","background-position":"center center","background-size":"auto","background-attachment":"scroll","background-type":"","background-media":"","overlay-type":"","overlay-color":"","overlay-opacity":"","overlay-gradient":""}},"ast-content-background-meta":{"desktop":{"background-color":"var(--ast-global-color-5)","background-image":"","background-repeat":"repeat","background-position":"center center","background-size":"auto","background-attachment":"scroll","background-type":"","background-media":"","overlay-type":"","overlay-color":"","overlay-opacity":"","overlay-gradient":""},"tablet":{"background-color":"var(--ast-global-color-5)","background-image":"","background-repeat":"repeat","background-position":"center center","background-size":"auto","background-attachment":"scroll","background-type":"","background-media":"","overlay-type":"","overlay-color":"","overlay-opacity":"","overlay-gradient":""},"mobile":{"background-color":"var(--ast-global-color-5)","background-image":"","background-repeat":"repeat","background-position":"center center","background-size":"auto","background-attachment":"scroll","background-type":"","background-media":"","overlay-type":"","overlay-color":"","overlay-opacity":"","overlay-gradient":""}},"footnotes":""},"class_list":["post-72","page","type-page","status-publish","hentry"],"_links":{"self":[{"href":"https:\/\/oegmw.at\/en\/wp-json\/wp\/v2\/pages\/72","targetHints":{"allow":["GET"]}}],"collection":[{"href":"https:\/\/oegmw.at\/en\/wp-json\/wp\/v2\/pages"}],"about":[{"href":"https:\/\/oegmw.at\/en\/wp-json\/wp\/v2\/types\/page"}],"author":[{"embeddable":true,"href":"https:\/\/oegmw.at\/en\/wp-json\/wp\/v2\/users\/2"}],"replies":[{"embeddable":true,"href":"https:\/\/oegmw.at\/en\/wp-json\/wp\/v2\/comments?post=72"}],"version-history":[{"count":8,"href":"https:\/\/oegmw.at\/en\/wp-json\/wp\/v2\/pages\/72\/revisions"}],"predecessor-version":[{"id":684,"href":"https:\/\/oegmw.at\/en\/wp-json\/wp\/v2\/pages\/72\/revisions\/684"}],"wp:attachment":[{"href":"https:\/\/oegmw.at\/en\/wp-json\/wp\/v2\/media?parent=72"}],"curies":[{"name":"wp","href":"https:\/\/api.w.org\/{rel}","templated":true}]}}