{"id":936,"date":"2024-02-22T21:30:14","date_gmt":"2024-02-22T21:30:14","guid":{"rendered":"https:\/\/oegmw.at\/?page_id=936"},"modified":"2024-10-29T11:36:36","modified_gmt":"2024-10-29T11:36:36","slug":"team","status":"publish","type":"page","link":"https:\/\/oegmw.at\/en\/junge-musikwissenschaft\/team","title":{"rendered":"Team &amp; Kontakt"},"content":{"rendered":"<p>Leitung und allgemeine Anfragen: <a href=\"mailto:jumuwi@oegmw.at\">jumuwi@oegmw.at<\/a><br><br>Fragen zu, Beobachtungen oder Erfahrungen von jeglicher Form von Machtmissbrauch, Grenz\u00fcberschreitung, Mobbing und Diskriminierung k\u00f6nnen jederzeit gerne an uns herangetragen oder direkt an die offizielle <a href=\"https:\/\/oegmw.at\/en\/anlaufstelle\/\">Anlaufstelle<\/a> der \u00d6GMw gerichtet werden.<br><\/p>\n\n\n\n<h3 class=\"wp-block-heading\">Newsletter<\/h3>\n\n\n\n<p>\u00dcber den Newsletter werden in regelm\u00e4\u00dfigen Abst\u00e4nden (ca. 2-3x pro Monat) Neuigkeiten der Jungen Musikwissenschaft, Stellenausschreibungen, Call for Papers, Veranstaltungsank\u00fcndigungen u. \u00c4. geteilt. Die Inhalte sind besonders auf Studierende bis zur unmittelbaren PostDoc-Phase zugeschnitten, aber auch Absolvent:innen und Interessierte k\u00f6nnen den Newsletter kostenlos abonnieren. Die Anmeldung f\u00fcr den Newsletter ist per E-Mail mit dem Betreff &#8222;Newsletter&#8220; an <a href=\"mailto:jumuwi@oegmw.at\">jumuwi@oegmw.at<\/a> m\u00f6glich.<br><\/p>\n\n\n\n<h3 class=\"wp-block-heading\">Das Team der Jungen Musikwissenschaft<\/h3>\n\n\n\n<p><strong>Jette Engelke<\/strong><br>Carl von Ossietzky Universit\u00e4t Oldenburg<br><a href=\"mailto:jetteengelke@gmx.net\">henriette.engelke@uol.de<\/a><br>Zust\u00e4ndigkeit: Leitung AG Weiterbildung &amp; Vernetzung<\/p>\n\n\n\n<p><strong>Paul Heidegger<\/strong><br>Universit\u00e4t Innsbruck<br><a href=\"mailto:paul.heidegger@uibk.ac.at\">paul.heidegger@uibk.ac.at<\/a><br>Zust\u00e4ndigkeit: Leitung AG Forschen &amp; Publizieren, Herausgeber AN:klang<\/p>\n\n\n\n<p><strong>Jakob Leitner<\/strong><br>Universit\u00e4t f\u00fcr Musik und darstellende Kunst Graz<br><a href=\"mailto:jakob.leitner@uni-graz.at\">jakob.leitner@uni-graz.at<\/a><br>Zust\u00e4ndigkeit: AG Forschen &amp; Publizieren, Betreuung des Newsletters<\/p>\n\n\n\n<p><strong>Stefanie Liang<\/strong> <br>Universit\u00e4t f\u00fcr Musik und darstellende Kunst Graz<br><a href=\"mailto:s.liang@kug.ac.at\">s.liang@kug.ac.at<\/a><br>Zust\u00e4ndigkeit: Herausgeberin AN:klang, AG Forschen &amp; Publizieren<\/p>\n\n\n\n<p><strong>Cornelia Picej<\/strong><br>Universit\u00e4t f\u00fcr Musik und darstellende Kunst Graz<br><a href=\"mailto:cornelia.picej@student.kug.ac.at\">cornelia.picej@student.kug.ac.at<\/a><br>Zust\u00e4ndigkeit: Nachwuchssymposien<\/p>\n\n\n\n<p><strong>Sarah A. Waltl<\/strong><br>Universit\u00e4t Innsbruck<br><a href=\"mailto:sarah.waltl@student.uibk.ac.at\">sarah.waltl@student.uibk.ac.at<\/a><br>Zust\u00e4ndigkeit: AG Forschen &amp; Publizieren<\/p>\n\n\n\n<p><strong>Thomas Wozonig<\/strong><br>Universit\u00e4t f\u00fcr Musik und darstellende Kunst Graz<br><a href=\"mailto:twozonig@gmail.com\">twozonig@gmail.com<\/a><br><a href=\"https:\/\/kug.academia.edu\/twozonig\">https:\/\/kug.academia.edu\/twozonig<\/a><br>Zust\u00e4ndigkeit: Leitung Junge Musikwissenschaft, Herausgeber AN:klang, AG Forschen &amp; Publizieren<\/p>","protected":false},"excerpt":{"rendered":"<p>Leitung und allgemeine Anfragen: jumuwi@oegmw.at Fragen zu, Beobachtungen oder Erfahrungen von jeglicher Form von Machtmissbrauch, Grenz\u00fcberschreitung, Mobbing und Diskriminierung k\u00f6nnen jederzeit gerne an uns herangetragen oder direkt an die offizielle [&hellip;]<\/p>\n","protected":false},"author":31,"featured_media":0,"parent":18,"menu_order":0,"comment_status":"closed","ping_status":"closed","template":"","meta":{"site-sidebar-layout":"default","site-content-layout":"","ast-site-content-layout":"default","site-content-style":"default","site-sidebar-style":"default","ast-global-header-display":"","ast-banner-title-visibility":"","ast-main-header-display":"","ast-hfb-above-header-display":"","ast-hfb-below-header-display":"","ast-hfb-mobile-header-display":"","site-post-title":"","ast-breadcrumbs-content":"","ast-featured-img":"","footer-sml-layout":"","ast-disable-related-posts":"","theme-transparent-header-meta":"","adv-header-id-meta":"","stick-header-meta":"","header-above-stick-meta":"","header-main-stick-meta":"","header-below-stick-meta":"","astra-migrate-meta-layouts":"set","ast-page-background-enabled":"default","ast-page-background-meta":{"desktop":{"background-color":"var(--ast-global-color-4)","background-image":"","background-repeat":"repeat","background-position":"center center","background-size":"auto","background-attachment":"scroll","background-type":"","background-media":"","overlay-type":"","overlay-color":"","overlay-opacity":"","overlay-gradient":""},"tablet":{"background-color":"","background-image":"","background-repeat":"repeat","background-position":"center center","background-size":"auto","background-attachment":"scroll","background-type":"","background-media":"","overlay-type":"","overlay-color":"","overlay-opacity":"","overlay-gradient":""},"mobile":{"background-color":"","background-image":"","background-repeat":"repeat","background-position":"center center","background-size":"auto","background-attachment":"scroll","background-type":"","background-media":"","overlay-type":"","overlay-color":"","overlay-opacity":"","overlay-gradient":""}},"ast-content-background-meta":{"desktop":{"background-color":"var(--ast-global-color-5)","background-image":"","background-repeat":"repeat","background-position":"center center","background-size":"auto","background-attachment":"scroll","background-type":"","background-media":"","overlay-type":"","overlay-color":"","overlay-opacity":"","overlay-gradient":""},"tablet":{"background-color":"var(--ast-global-color-5)","background-image":"","background-repeat":"repeat","background-position":"center center","background-size":"auto","background-attachment":"scroll","background-type":"","background-media":"","overlay-type":"","overlay-color":"","overlay-opacity":"","overlay-gradient":""},"mobile":{"background-color":"var(--ast-global-color-5)","background-image":"","background-repeat":"repeat","background-position":"center center","background-size":"auto","background-attachment":"scroll","background-type":"","background-media":"","overlay-type":"","overlay-color":"","overlay-opacity":"","overlay-gradient":""}},"footnotes":""},"class_list":["post-936","page","type-page","status-publish","hentry"],"_links":{"self":[{"href":"https:\/\/oegmw.at\/en\/wp-json\/wp\/v2\/pages\/936","targetHints":{"allow":["GET"]}}],"collection":[{"href":"https:\/\/oegmw.at\/en\/wp-json\/wp\/v2\/pages"}],"about":[{"href":"https:\/\/oegmw.at\/en\/wp-json\/wp\/v2\/types\/page"}],"author":[{"embeddable":true,"href":"https:\/\/oegmw.at\/en\/wp-json\/wp\/v2\/users\/31"}],"replies":[{"embeddable":true,"href":"https:\/\/oegmw.at\/en\/wp-json\/wp\/v2\/comments?post=936"}],"version-history":[{"count":14,"href":"https:\/\/oegmw.at\/en\/wp-json\/wp\/v2\/pages\/936\/revisions"}],"predecessor-version":[{"id":1659,"href":"https:\/\/oegmw.at\/en\/wp-json\/wp\/v2\/pages\/936\/revisions\/1659"}],"up":[{"embeddable":true,"href":"https:\/\/oegmw.at\/en\/wp-json\/wp\/v2\/pages\/18"}],"wp:attachment":[{"href":"https:\/\/oegmw.at\/en\/wp-json\/wp\/v2\/media?parent=936"}],"curies":[{"name":"wp","href":"https:\/\/api.w.org\/{rel}","templated":true}]}}